{"id":7839,"date":"2023-09-02T11:52:42","date_gmt":"2023-09-02T08:52:42","guid":{"rendered":"https:\/\/ask.vektorika.com\/?page_id=7839"},"modified":"2023-10-17T14:48:21","modified_gmt":"2023-10-17T11:48:21","slug":"hizmet-haritasi","status":"publish","type":"page","link":"https:\/\/bbsdanismanlik.com\/en\/hizmet-haritasi\/","title":{"rendered":"Services Map"},"content":{"rendered":"<div data-elementor-type=\"wp-page\" data-elementor-id=\"7839\" class=\"elementor elementor-7839\">\n\t\t\t\t\t\t<section class=\"has_eae_slider elementor-section elementor-top-section elementor-element elementor-element-5914566 elementor-section-full_width elementor-section-height-default elementor-section-height-default\" data-eae-slider=\"11613\" data-id=\"5914566\" data-element_type=\"section\" data-e-type=\"section\">\n\t\t\t\t\t\t<div class=\"elementor-container elementor-column-gap-default\">\n\t\t\t\t\t<div class=\"has_eae_slider elementor-column elementor-col-100 elementor-top-column elementor-element elementor-element-566933f\" data-eae-slider=\"67609\" data-id=\"566933f\" data-element_type=\"column\" data-e-type=\"column\">\n\t\t\t<div class=\"elementor-widget-wrap elementor-element-populated\">\n\t\t\t\t\t\t<div class=\"elementor-element elementor-element-84dcad3 elementor-widget elementor-widget-vc_custom_heading\" data-id=\"84dcad3\" data-element_type=\"widget\" data-e-type=\"widget\" data-widget_type=\"vc_custom_heading.default\">\n\t\t\t\t<div class=\"elementor-widget-container\">\n\t\t\t\t\t<div class=\"vc_custom_heading  consulting_heading_font  text_align_center has_subtitle\" ><h2 style=\"text-align: center;font-weight:500\" class=\"consulting-custom-title\">BBS Consulting Service Map\n<span class=\"subtitle\">We provide services in 975 land registry offices with our contracted lawyer staff of more than 1000 in 81 provinces.<\/span><\/h2><\/div>\t\t\t\t<\/div>\n\t\t\t\t<\/div>\n\t\t\t\t<div class=\"elementor-element elementor-element-95c13b4 elementor-widget elementor-widget-text-editor\" data-id=\"95c13b4\" data-element_type=\"widget\" data-e-type=\"widget\" data-widget_type=\"text-editor.default\">\n\t\t\t\t<div class=\"elementor-widget-container\">\n\t\t\t\t\t\t\t\t\t<p style=\"text-align: center;\"><a href=\"#onemli-aciklama\"><span style=\"color: #800080;\"><b>CLICK HERE FOR IMPORTANT NOTICE<\/b><\/span><\/a><\/p>\n\t\t\t\t\t\t\t\t<\/div>\n\t\t\t\t<\/div>\n\t\t\t\t<div class=\"elementor-element elementor-element-3977aea elementor-widget elementor-widget-shortcode\" data-id=\"3977aea\" data-element_type=\"widget\" data-e-type=\"widget\" data-widget_type=\"shortcode.default\">\n\t\t\t\t<div class=\"elementor-widget-container\">\n\t\t\t\t\t\t\t<div class=\"elementor-shortcode\"><style type=\"text\/css\">\n  body #asl-storelocator.asl-cont.asl-template-0 {--sl-font-size: 13px;--sl-title-size: 15px;--sl-btn-size: 13px;--sl-primary: #1679BB;--sl-header: #1679BB;--sl-header-color: #ffffff;--sl-infobox-color: #555d66;--sl-infobox-bg: #FFFFFF;--sl-infobox-a: #1679BB;--sl-action-btn-color: #FFFFFF;--sl-action-btn-bg: #1679BB;--sl-color: #555d66;--sl-list-bg: #ebebeb;--sl-list-title: #32373c;--sl-list-sub-title: #ffffff;--sl-highlighted: #ffffff;}.asl-p-cont .asl-print-btn,.asl-cont .asl-print-btn {display: none !important;}  .asl-cont .onoffswitch .onoffswitch-label .onoffswitch-switch:before {content: \"A\u00c7IK\" !important;}\n  .asl-cont .onoffswitch .onoffswitch-label .onoffswitch-switch:after {content: \"T\u00fcm\u00fc\" !important;}\n  @media (max-width: 767px) {\n    #asl-storelocator.asl-cont .asl-panel {order: 2;}\n  }\n  .asl-cont.sl-search-only .Filter_section + .sl-row {display: none;}\n  .asl-cont .sl-hide-branches,\n  .asl-cont .sl-hide-branches:hover {color: #FFF !important; text-decoration: none !important;cursor: pointer;}\n<\/style>\n<div id=\"asl-storelocator\" class=\"storelocator-main asl-cont asl-template-0 asl-layout-1 asl-bg-3 full-width full-height asl-text-1\">\n  <div class=\"asl-wrapper\">\n    <div class=\"sl-container-fluid\">\n             \n      <div class=\"sl-row Filter_section\">\n          <div class=\"pol-lg-4 pol-md-5 pol-sm-12 search_filter\">\n              <label class=\"mb-2\" for=\"auto-complete-search\">Search for Land Registry Office<\/label>\n              <div class=\"sl-search-group d-flex\">\n                <input type=\"text\" value=\"\" data-submit=\"disable\" id=\"auto-complete-search\" placeholder=\"\u0130l\u00e7e Ad\u0131 Yaz\u0131n\u0131z (B\u00dcY\u00dcK HARFLE)\"  class=\"asl-search-name form-control isp_ignore\">\n                <button aria-label=\"Current Location\" title=\"Current Location\" type=\"button\" class=\"span-geo\"><i class=\"asl-geo icon-direction-outline\"><\/i><\/button>\n              <\/div>\n          <\/div>\n          <div class=\"pol-lg-8 pol-md-7 pol-sm-12\">\n            <div class=\"sl-row\">\n              <div class=\"pol-sm-12 asl-advance-filters hide\">\n                <div class=\"sl-row\">\n                                                      <div class=\"pol-lg-4 pol-md-6 pol-sm-12  asl-ddl-filters asl-ddl-filter-cats\">\n                      <div class=\"asl-filter-cntrl\">\n                        <label class=\"asl-cntrl-lbl\" for=\"asl-categories\">B\u00f6lgeler<\/label>\n                        <div class=\"sl-dropdown-cont\" id=\"categories_filter\">\n                        <\/div>\n                      <\/div>\n                  <\/div>\n                                                                        <div class=\"pol-lg-4 pol-md-6 pol-sm-12 range_filter asl-ddl-filters hide\">\n                      <div class=\"rangeFilter asl-filter-cntrl\">\n                        <label for=\"asl-radius-slide\" class=\"asl-cntrl-lbl\">Mesafe Aral\u0131\u011f\u0131<\/label>\n                        <input id=\"asl-radius-slide\" type=\"text\" class=\"span2\" \/>\n                        <span class=\"rad-unit\">\u00c7ap: <span id=\"asl-radius-input\"><\/span> <span id=\"asl-dist-unit\">Km<\/span><\/span>\n                      <\/div>\n                  <\/div>\n                  <div class=\"pol-lg-2 pol-md-3 pol-sm-12 Status_filter\">\n                      <div class=\"asl-filter-cntrl\">\n                        <label class=\"asl-cntrl-lbl\">Durum<\/label>\n                        <div class=\"onoffswitch\">\n                          <input type=\"checkbox\" name=\"onoffswitch\" class=\"onoffswitch-checkbox\" id=\"asl-open-close\" checked>\n                          <label aria-label=\"A\u00e7\u0131k Kurumlar\" title=\"A\u00e7\u0131k Kurumlar\" class=\"onoffswitch-label\" for=\"asl-open-close\">\n                              <span class=\"onoffswitch-inner\"><\/span>\n                              <span class=\"onoffswitch-switch\"><\/span>\n                          <\/label>\n                        <\/div>\n                      <\/div>\n                  <\/div>\n                <\/div>\n              <\/div>\n            <\/div>\n          <\/div>\n      <\/div>\n            <div class=\"sl-row\">\n        <div class=\"pol-12\">\n            <div class=\"sl-main-cont\">\n                <div class=\"sl-row no-gutters sl-main-row\">\n                    <div id=\"asl-panel\" class=\"asl-panel pol-md-5 pol-lg-4 asl_locator-panel\">\n                        <div class=\"asl-overlay\" id=\"map-loading\">\n                            <div class=\"white\"><\/div>\n                            <div class=\"sl-loading\">\n                              <i class=\"animate-sl-spin icon-spin3\"><\/i>\n                              Y\u00fckleniyor\u2026                            <\/div>\n                        <\/div>\n                                                <!-- list -->\n                        <div class=\"asl-panel-inner\">\n                            <div class=\"top-title Num_of_store\">\n                              <span><span class=\"sl-head-title\"># of Regional Land Registry Directorates<\/span>: <span class=\"count-result\">0<\/span><\/span>\n                                                              <a class=\"asl-print-btn\"><span>YAZDIR<\/span><span class=\"asl-print\"><\/span><\/a>\n                                                          <\/div>\n                            <div class=\"sl-main-cont-box\">\n                              <div id=\"asl-list\" class=\"sl-list-wrapper\">\n                                <ul id=\"p-statelist\" class=\"sl-list\">\n                                <\/ul>\n                              <\/div>\n                            <\/div>\n                        <\/div>\n\n                        <div class=\"directions-cont hide\">\n                            <div class=\"agile-modal-header\">\n                                <button type=\"button\" class=\"close\"><span aria-hidden=\"true\">\u00d7<\/span><\/button>\n                                <h4>Kurum Konumu<\/h4>\n                            <\/div>\n                            <div class=\"rendered-directions\" id=\"asl-rendered-dir\" style=\"direction: ltr;\"><\/div>\n                        <\/div>\n                    <\/div>\n                    <div class=\"pol-md-7 pol-lg-8 asl-map\">\n                        <div class=\"map-image\">\n                            <div id=\"asl-map-canv\" class=\"asl-map-canv\"><\/div>\n                            <div id=\"agile-modal-direction\" class=\"agile-modal fade\">\n    <div class=\"agile-modal-backdrop-in\"><\/div>\n    <div class=\"agile-modal-dialog in\">\n        <div class=\"agile-modal-content\">\n            <div class=\"sl-form-group d-flex justify-content-between\">\n                <h4 >DIRECTIONS<\/h4>\n                <button type=\"button\" class=\"close-directions sl-close\" data-dismiss=\"agile-modal\" aria-label=\"Close\">&times;<\/button>\n            <\/div>\n            <div class=\"sl-form-group\">\n                <label for=\"frm-lbl\">From:<\/label>\n                <input type=\"text\" class=\"form-control frm-place\" id=\"frm-lbl\" placeholder=\"\u0130l\u00e7e Ad\u0131 Yaz\u0131n\u0131z (B\u00dcY\u00dcK HARFLE)\">\n            <\/div>\n            <div class=\"sl-form-group\">\n                <label for=\"to-lbl\">To:<\/label>\n                <input readonly=\"true\" type=\"text\"  class=\"directions-to form-control\" id=\"to-lbl\" placeholder=\"\u00d6nceden Doldurulmu\u015f Hedef Adresi\">\n            <\/div>\n            <div class=\"sl-form-group mb-0\">\n                <label for=\"rbtn-km\" class=\"checkbox-inline\">\n                    <input type=\"radio\" name=\"dist-type\"  id=\"rbtn-km\" value=\"0\"> Km                <\/label>\n                <label for=\"rbtn-mile\" class=\"checkbox-inline\">\n                    <input type=\"radio\" name=\"dist-type\" checked id=\"rbtn-mile\" value=\"1\"> Mil                <\/label>\n            <\/div>\n            <div class=\"sl-form-group mb-0\">\n                <button type=\"submit\" class=\"btn btn-default btn-submit\">DIRECTIONS<\/button>\n            <\/div>\n        <\/div>\n    <\/div>\n<\/div>\n\n<div id=\"asl-geolocation-agile-modal\" class=\"agile-modal fade\">\n  <div class=\"agile-modal-backdrop-in\"><\/div>\n  <div class=\"agile-modal-dialog in\">\n    <div class=\"agile-modal-content\">\n            <div class=\"sl-form-group d-flex justify-content-between\">\n        <h5>Yak\u0131n\u0131mdaki en yak\u0131n Servis Sa\u011flay\u0131c\u0131y\u0131 bulmak i\u00e7in konumumu kullan\u0131n<\/h5>\n        <button type=\"button\" class=\"close-directions sl-close\" data-dismiss=\"agile-modal\" aria-label=\"Close\" aria-hidden=\"true\">&times;<\/button>\n      <\/div>\n      <div class=\"sl-form-group text-center mb-0\">\n        <button type=\"button\" id=\"asl-btn-geolocation\" class=\"btn btn-block btn-default\">KONUM KULLANIN<\/button>\n      <\/div>\n          <\/div>\n  <\/div>\n<\/div>\n\n<div id=\"asl-desc-agile-modal\" class=\"agile-modal fade\">\n  <div class=\"agile-modal-backdrop-in\"><\/div>\n  <div class=\"agile-modal-dialog in\">\n    <div class=\"agile-modal-content\">\n      <div class=\"sl-row\">\n        <div class=\"pol-md-12\">\n          <div class=\"sl-form-group d-flex justify-content-between\">\n            <h4 class=\"sl-title\">Description<\/h4>\n            <button type=\"button\" class=\"close-directions sl-close\" data-dismiss=\"agile-modal\" aria-label=\"Close\">&times;<\/button>\n          <\/div>\n          <p class=\"sl-desc\"><\/p>\n        <\/div>\n      <\/div>\n    <\/div>\n  <\/div>\n<\/div>                        <\/div>\n                    <\/div>\n                <\/div>\n            <\/div>\n        <\/div>\n      <\/div>\n    <\/div>\n  <\/div>\n<\/div>\n<!-- This plugin is developed by \"Agile Store Locator for WordPress\" https:\/\/agilestorelocator.com --><\/div>\n\t\t\t\t\t\t<\/div>\n\t\t\t\t<\/div>\n\t\t\t\t<div class=\"elementor-element elementor-element-30a0672 elementor-widget elementor-widget-text-editor\" data-id=\"30a0672\" data-element_type=\"widget\" data-e-type=\"widget\" id=\"onemli-aciklama\" data-widget_type=\"text-editor.default\">\n\t\t\t\t<div class=\"elementor-widget-container\">\n\t\t\t\t\t\t\t\t\t<p style=\"text-align: left;\"><span style=\"color: #800080;\"><b>IMPORTANT NOTICE:<\/b><\/span><\/p>\n<p style=\"text-align: left;\"><strong><a href=\"\/en\/\u201c\/\" target=\"\u201c_blank\u201d\">-- The open address data for the land registry offices have been obtained from the official TKGM website.  (For official data, click here) --<\/a><\/strong><\/p>\n<p><span style=\"color: #800080;\">The open address data provided on the official TKGM website does not match Google location data in some directorates. <br \/><\/span><span style=\"color: #800080;\">However, <span style=\"font-size: inherit; -webkit-text-size-adjust: 100%;\">you can use the Directions for Navigation and Google Directions options to get practical directions to the land registry offices.<br \/><\/span><\/span><\/p>\n<p style=\"text-align: left;\"><strong style=\"font-size: inherit; -webkit-text-size-adjust: 100%;\"><span style=\"color: #800080;\">OUR RECOMMENDATION:<\/span>&nbsp;<\/strong><\/p>\n<p><span style=\"color: #800080;\"><span style=\"font-size: inherit; -webkit-text-size-adjust: 100%;\">L<\/span>Please confirm with the relevant land registry office by phone before sending your important documents by mail.<span style=\"font-size: inherit; -webkit-text-size-adjust: 100%;\">&nbsp;<\/span><span style=\"font-size: inherit; -webkit-text-size-adjust: 100%;\">In this way, if you have documents to send to the land registry office, you will ensure delivery to the verified address by cargo due to some official and outdated postal addresses.<\/span><\/span><\/p>\n\t\t\t\t\t\t\t\t<\/div>\n\t\t\t\t<\/div>\n\t\t\t\t\t<\/div>\n\t\t<\/div>\n\t\t\t\t\t<\/div>\n\t\t<\/section>\n\t\t\t\t<\/div>","protected":false},"excerpt":{"rendered":"<p>BBS Dan\u0131\u015fmanl\u0131k Hizmet Haritas\u0131 81 ilde 1000\u2019i a\u015fk\u0131n s\u00f6zle\u015fmeli avukat kadromuz ile 975 tapu m\u00fcd\u00fcrl\u00fc\u011f\u00fcnde hizmet vermekteyiz \u00d6NEML\u0130 A\u00c7IKLAMA \u0130\u00c7\u0130N BURAYA TIKLAYINIZ \u00d6NEML\u0130 A\u00c7IKLAMA: &lt; Tapu m\u00fcd\u00fcrl\u00fckleri a\u00e7\u0131k adres verileri TKGM Resmi websitesinden al\u0131nm\u0131\u015ft\u0131r.&nbsp; (Resmi veriler i\u00e7in buraya t\u0131klay\u0131n\u0131z) &gt; Resmi TKGM websitesinde sunulan a\u00e7\u0131k adres verileri ile Google konum verileri baz\u0131 m\u00fcd\u00fcrl\u00fcklerde e\u015fle\u015fmemektedir. Bununla<\/p>","protected":false},"author":1,"featured_media":0,"parent":0,"menu_order":0,"comment_status":"closed","ping_status":"closed","template":"","meta":{"inline_featured_image":false,"footnotes":""},"class_list":["post-7839","page","type-page","status-publish","hentry"],"yoast_head":"<!-- This site is optimized with the Yoast SEO Premium plugin v21.0 (Yoast SEO v26.9) - https:\/\/yoast.com\/product\/yoast-seo-premium-wordpress\/ -->\n<title>Hizmet Haritas\u0131 - BBS Dan\u0131\u015fmanl\u0131k Gayrimenkul ve E\u011fitim | Gayrimenkul Hukuku, Tapu \u0130\u015flemleri, Kredi Teminat\u0131, \u0130potek \u0130\u015flemleri<\/title>\n<meta name=\"robots\" content=\"index, follow, max-snippet:-1, max-image-preview:large, max-video-preview:-1\" \/>\n<link rel=\"canonical\" href=\"https:\/\/bbsdanismanlik.com\/en\/hizmet-haritasi\/\" \/>\n<meta property=\"og:locale\" content=\"en_GB\" \/>\n<meta property=\"og:type\" content=\"article\" \/>\n<meta property=\"og:title\" content=\"Hizmet Haritas\u0131\" \/>\n<meta property=\"og:description\" content=\"BBS Dan\u0131\u015fmanl\u0131k Hizmet Haritas\u0131 81 ilde 1000\u2019i a\u015fk\u0131n s\u00f6zle\u015fmeli avukat kadromuz ile 975 tapu m\u00fcd\u00fcrl\u00fc\u011f\u00fcnde hizmet vermekteyiz \u00d6NEML\u0130 A\u00c7IKLAMA \u0130\u00c7\u0130N BURAYA TIKLAYINIZ \u00d6NEML\u0130 A\u00c7IKLAMA: &lt; Tapu m\u00fcd\u00fcrl\u00fckleri a\u00e7\u0131k adres verileri TKGM Resmi websitesinden al\u0131nm\u0131\u015ft\u0131r.&nbsp; (Resmi veriler i\u00e7in buraya t\u0131klay\u0131n\u0131z) &gt; Resmi TKGM websitesinde sunulan a\u00e7\u0131k adres verileri ile Google konum verileri baz\u0131 m\u00fcd\u00fcrl\u00fcklerde e\u015fle\u015fmemektedir. Bununla\" \/>\n<meta property=\"og:url\" content=\"https:\/\/bbsdanismanlik.com\/en\/hizmet-haritasi\/\" \/>\n<meta property=\"og:site_name\" content=\"BBS Dan\u0131\u015fmanl\u0131k Gayrimenkul ve E\u011fitim | Gayrimenkul Hukuku, Tapu \u0130\u015flemleri, Kredi Teminat\u0131, \u0130potek \u0130\u015flemleri\" \/>\n<meta property=\"article:modified_time\" content=\"2023-10-17T11:48:21+00:00\" \/>\n<meta name=\"twitter:card\" content=\"summary_large_image\" \/>\n<meta name=\"twitter:label1\" content=\"Estimated reading time\" \/>\n\t<meta name=\"twitter:data1\" content=\"1 minute\" \/>\n<script type=\"application\/ld+json\" class=\"yoast-schema-graph\">{\"@context\":\"https:\/\/schema.org\",\"@graph\":[{\"@type\":\"WebPage\",\"@id\":\"https:\/\/bbsdanismanlik.com\/tr\/hizmet-haritasi\/\",\"url\":\"https:\/\/bbsdanismanlik.com\/tr\/hizmet-haritasi\/\",\"name\":\"Hizmet Haritas\u0131 - BBS Dan\u0131\u015fmanl\u0131k Gayrimenkul ve E\u011fitim | Gayrimenkul Hukuku, Tapu \u0130\u015flemleri, Kredi Teminat\u0131, \u0130potek \u0130\u015flemleri\",\"isPartOf\":{\"@id\":\"https:\/\/bbsdanismanlik.com\/tr\/#website\"},\"datePublished\":\"2023-09-02T08:52:42+00:00\",\"dateModified\":\"2023-10-17T11:48:21+00:00\",\"breadcrumb\":{\"@id\":\"https:\/\/bbsdanismanlik.com\/tr\/hizmet-haritasi\/#breadcrumb\"},\"inLanguage\":\"en-GB\",\"potentialAction\":[{\"@type\":\"ReadAction\",\"target\":[\"https:\/\/bbsdanismanlik.com\/tr\/hizmet-haritasi\/\"]}]},{\"@type\":\"BreadcrumbList\",\"@id\":\"https:\/\/bbsdanismanlik.com\/tr\/hizmet-haritasi\/#breadcrumb\",\"itemListElement\":[{\"@type\":\"ListItem\",\"position\":1,\"name\":\"Home\",\"item\":\"https:\/\/bbsdanismanlik.com\/en\/\"},{\"@type\":\"ListItem\",\"position\":2,\"name\":\"Hizmet Haritas\u0131\"}]},{\"@type\":\"WebSite\",\"@id\":\"https:\/\/bbsdanismanlik.com\/tr\/#website\",\"url\":\"https:\/\/bbsdanismanlik.com\/tr\/\",\"name\":\"BBS Dan\u0131\u015fmanl\u0131k Gayrimenkul ve E\u011fitim | Gayrimenkul Hukuku, Tapu \u0130\u015flemleri, Kredi Teminat\u0131, \u0130potek \u0130\u015flemleri\",\"description\":\"18 Y\u0131ll\u0131k Tecr\u00fcbe 1500&#039;\u00fc a\u015fk\u0131n dan\u0131\u015fman 81 \u0130lde Hizmet\",\"potentialAction\":[{\"@type\":\"SearchAction\",\"target\":{\"@type\":\"EntryPoint\",\"urlTemplate\":\"https:\/\/bbsdanismanlik.com\/tr\/?s={search_term_string}\"},\"query-input\":{\"@type\":\"PropertyValueSpecification\",\"valueRequired\":true,\"valueName\":\"search_term_string\"}}],\"inLanguage\":\"en-GB\"}]}<\/script>\n<!-- \/ Yoast SEO Premium plugin. -->","yoast_head_json":{"title":"Hizmet Haritas\u0131 - BBS Dan\u0131\u015fmanl\u0131k Gayrimenkul ve E\u011fitim | Gayrimenkul Hukuku, Tapu \u0130\u015flemleri, Kredi Teminat\u0131, \u0130potek \u0130\u015flemleri","robots":{"index":"index","follow":"follow","max-snippet":"max-snippet:-1","max-image-preview":"max-image-preview:large","max-video-preview":"max-video-preview:-1"},"canonical":"https:\/\/bbsdanismanlik.com\/en\/hizmet-haritasi\/","og_locale":"en_GB","og_type":"article","og_title":"Hizmet Haritas\u0131","og_description":"BBS Dan\u0131\u015fmanl\u0131k Hizmet Haritas\u0131 81 ilde 1000\u2019i a\u015fk\u0131n s\u00f6zle\u015fmeli avukat kadromuz ile 975 tapu m\u00fcd\u00fcrl\u00fc\u011f\u00fcnde hizmet vermekteyiz \u00d6NEML\u0130 A\u00c7IKLAMA \u0130\u00c7\u0130N BURAYA TIKLAYINIZ \u00d6NEML\u0130 A\u00c7IKLAMA: &lt; Tapu m\u00fcd\u00fcrl\u00fckleri a\u00e7\u0131k adres verileri TKGM Resmi websitesinden al\u0131nm\u0131\u015ft\u0131r.&nbsp; (Resmi veriler i\u00e7in buraya t\u0131klay\u0131n\u0131z) &gt; Resmi TKGM websitesinde sunulan a\u00e7\u0131k adres verileri ile Google konum verileri baz\u0131 m\u00fcd\u00fcrl\u00fcklerde e\u015fle\u015fmemektedir. Bununla","og_url":"https:\/\/bbsdanismanlik.com\/en\/hizmet-haritasi\/","og_site_name":"BBS Dan\u0131\u015fmanl\u0131k Gayrimenkul ve E\u011fitim | Gayrimenkul Hukuku, Tapu \u0130\u015flemleri, Kredi Teminat\u0131, \u0130potek \u0130\u015flemleri","article_modified_time":"2023-10-17T11:48:21+00:00","twitter_card":"summary_large_image","twitter_misc":{"Estimated reading time":"1 minute"},"schema":{"@context":"https:\/\/schema.org","@graph":[{"@type":"WebPage","@id":"https:\/\/bbsdanismanlik.com\/tr\/hizmet-haritasi\/","url":"https:\/\/bbsdanismanlik.com\/tr\/hizmet-haritasi\/","name":"Hizmet Haritas\u0131 - BBS Dan\u0131\u015fmanl\u0131k Gayrimenkul ve E\u011fitim | Gayrimenkul Hukuku, Tapu \u0130\u015flemleri, Kredi Teminat\u0131, \u0130potek \u0130\u015flemleri","isPartOf":{"@id":"https:\/\/bbsdanismanlik.com\/tr\/#website"},"datePublished":"2023-09-02T08:52:42+00:00","dateModified":"2023-10-17T11:48:21+00:00","breadcrumb":{"@id":"https:\/\/bbsdanismanlik.com\/tr\/hizmet-haritasi\/#breadcrumb"},"inLanguage":"en-GB","potentialAction":[{"@type":"ReadAction","target":["https:\/\/bbsdanismanlik.com\/tr\/hizmet-haritasi\/"]}]},{"@type":"BreadcrumbList","@id":"https:\/\/bbsdanismanlik.com\/tr\/hizmet-haritasi\/#breadcrumb","itemListElement":[{"@type":"ListItem","position":1,"name":"Home","item":"https:\/\/bbsdanismanlik.com\/en\/"},{"@type":"ListItem","position":2,"name":"Hizmet Haritas\u0131"}]},{"@type":"WebSite","@id":"https:\/\/bbsdanismanlik.com\/tr\/#website","url":"https:\/\/bbsdanismanlik.com\/tr\/","name":"BBS Dan\u0131\u015fmanl\u0131k Gayrimenkul ve E\u011fitim | Gayrimenkul Hukuku, Tapu \u0130\u015flemleri, Kredi Teminat\u0131, \u0130potek \u0130\u015flemleri","description":"18 Y\u0131ll\u0131k Tecr\u00fcbe 1500&#039;\u00fc a\u015fk\u0131n dan\u0131\u015fman 81 \u0130lde Hizmet","potentialAction":[{"@type":"SearchAction","target":{"@type":"EntryPoint","urlTemplate":"https:\/\/bbsdanismanlik.com\/tr\/?s={search_term_string}"},"query-input":{"@type":"PropertyValueSpecification","valueRequired":true,"valueName":"search_term_string"}}],"inLanguage":"en-GB"}]}},"_links":{"self":[{"href":"https:\/\/bbsdanismanlik.com\/en\/wp-json\/wp\/v2\/pages\/7839","targetHints":{"allow":["GET"]}}],"collection":[{"href":"https:\/\/bbsdanismanlik.com\/en\/wp-json\/wp\/v2\/pages"}],"about":[{"href":"https:\/\/bbsdanismanlik.com\/en\/wp-json\/wp\/v2\/types\/page"}],"author":[{"embeddable":true,"href":"https:\/\/bbsdanismanlik.com\/en\/wp-json\/wp\/v2\/users\/1"}],"replies":[{"embeddable":true,"href":"https:\/\/bbsdanismanlik.com\/en\/wp-json\/wp\/v2\/comments?post=7839"}],"version-history":[{"count":0,"href":"https:\/\/bbsdanismanlik.com\/en\/wp-json\/wp\/v2\/pages\/7839\/revisions"}],"wp:attachment":[{"href":"https:\/\/bbsdanismanlik.com\/en\/wp-json\/wp\/v2\/media?parent=7839"}],"curies":[{"name":"wp","href":"https:\/\/api.w.org\/{rel}","templated":true}]}}