{"id":9753,"date":"2025-06-27T10:39:31","date_gmt":"2025-06-27T07:39:31","guid":{"rendered":"https:\/\/bbsdanismanlik.com\/cerez-politikasi-copy\/"},"modified":"2025-06-27T10:39:31","modified_gmt":"2025-06-27T07:39:31","slug":"cerez-politikasi-copy","status":"publish","type":"page","link":"https:\/\/bbsdanismanlik.com\/en\/cerez-politikasi-copy\/","title":{"rendered":"\u00c7erez Politikas\u0131 Copy"},"content":{"rendered":"<p><strong>No: 01 \/ Tarih: 24.06.2025<\/strong><\/p>\n\n\n\n<p>BBS Dan\u0131\u015fmanl\u0131k Gayrimenkul ve E\u011fitim A.\u015e. (\u201cBBS\u201d veya \u201c\u015eirket\u201d) taraf\u0131ndan i\u015fletilen <a href=\"https:\/\/bbsdanismanlik.com\/en\/\">https:\/\/bbsdanismanlik.com\/ <\/a>web sitesini ziyaret edenlerin (\u201cziyaret\u00e7i\u201d) ki\u015fisel verilerini 6698 say\u0131l\u0131 Ki\u015fisel Verilerin Korunmas\u0131 Kanunu (\u201cKanun\u201d) uyar\u0131nca i\u015flemekte ve gizlili\u011fini korumaktay\u0131z. \u0130\u015fbu \u00c7erez Politikas\u0131 (\u201cPolitika\u201d) ile ziyaret\u00e7ilerin ki\u015fisel verilerinin i\u015flenmesi, \u00e7erez politikas\u0131 ve internet sitesi gizlilik ilkeleri belirlenmektedir.\u00a0<\/p>\n\n\n\n<ol class=\"wp-block-list\">\n<li><strong>\u00c7erez Nedir?<\/strong><\/li>\n<\/ol>\n\n\n\n<p>\u00c7erezler (cookies), k\u00fc\u00e7\u00fck bilgileri saklayan k\u00fc\u00e7\u00fck metin dosyalar\u0131d\u0131r. \u00c7erezler, ziyaret etti\u011finiz internet siteleri taraf\u0131ndan, taray\u0131c\u0131lar arac\u0131l\u0131\u011f\u0131yla cihaz\u0131n\u0131za veya a\u011f sunucusuna depolan\u0131r. \u0130nternet sitesi taray\u0131c\u0131n\u0131za y\u00fcklendi\u011finde, \u00e7erezler cihaz\u0131n\u0131zda saklan\u0131r. \u00c7erezler, internet sitesinin d\u00fczg\u00fcn \u00e7al\u0131\u015fmas\u0131n\u0131, daha g\u00fcvenli hale getirilmesini, daha iyi kullan\u0131c\u0131 deneyimi sunmas\u0131n\u0131 sa\u011flar. Oturum ve yerel depolama alanlar\u0131 da \u00e7erezlerle ayn\u0131 ama\u00e7 i\u00e7in kullan\u0131l\u0131r. \u0130nternet sitemizde \u00e7erez bulunmamakta, oturum ve yerel depolama alanlar\u0131 \u00e7al\u0131\u015fmaktad\u0131r.<\/p>\n\n\n\n<ol start=\"2\" class=\"wp-block-list\">\n<li><strong>Web Sitemizde Kullan\u0131lan \u00c7erez T\u00fcrleri<\/strong><\/li>\n<\/ol>\n\n\n\n<p>Web sitemizde yaln\u0131zca temel d\u00fczeyde i\u015flevsellik ve analiz ama\u00e7l\u0131 \u00e7erezler kullan\u0131lmaktad\u0131r. Herhangi bir pazarlama veya hedefleme \u00e7erezi kullan\u0131lmamaktad\u0131r.<\/p>\n\n\n\n<ul class=\"wp-block-list\">\n<li>Zorunlu (Teknik) \u00c7erezler: Web sitesinin d\u00fczg\u00fcn \u00e7al\u0131\u015fmas\u0131 i\u00e7in gerekli \u00e7erezlerdir.<\/li>\n\n\n\n<li>\u0130\u015flevsellik \u00c7erezleri: Kullan\u0131c\u0131 tercihlerini (\u00f6rne\u011fin dil se\u00e7imi) hat\u0131rlamak i\u00e7in kullan\u0131l\u0131r.<\/li>\n\n\n\n<li>Analitik \u00c7erezler: Web sitesinin kullan\u0131m istatistiklerini toplamak amac\u0131yla kullan\u0131l\u0131r.<\/li>\n<\/ul>\n\n\n\n<ol start=\"3\" class=\"wp-block-list\">\n<li><strong>\u00c7erezlerin Kullan\u0131m Ama\u00e7lar\u0131<\/strong><\/li>\n<\/ol>\n\n\n\n<p>Web sitemiz birinci ve \u00fc\u00e7\u00fcnc\u00fc taraf \u00e7erezleri kullan\u0131r. Birinci taraf \u00e7erezleri \u00e7o\u011funlukla web sitesinin do\u011fru \u015fekilde \u00e7al\u0131\u015fmas\u0131 i\u00e7in gereklidir, ki\u015fisel verilerinizi tutmazlar. \u00dc\u00e7\u00fcnc\u00fc taraf \u00e7erezleri, web sitemizin performans\u0131n\u0131, etkile\u015fimini, g\u00fcvenli\u011fini, reklamlar\u0131 ve sonucunda daha iyi bir hizmet sunmak i\u00e7in kullan\u0131l\u0131r. Kullan\u0131c\u0131 deneyimi ve web sitemizle gelecekteki etkile\u015fimleri h\u0131zland\u0131rmaya yard\u0131mc\u0131 olur. Bu kapsamda \u00e7erezler;<\/p>\n\n\n\n<ul class=\"wp-block-list\">\n<li><strong>\u0130statistikler:<\/strong> Bu \u00e7erezler, web sitesine gelen ziyaret\u00e7i say\u0131s\u0131, benzersiz ziyaret\u00e7i say\u0131s\u0131, web sitesinin hangi sayfalar\u0131n\u0131n ziyaret edildi\u011fi, ziyaretin kayna\u011f\u0131 vb. bilgileri depolar. Bu veriler, web sitesinin ne kadar iyi performans g\u00f6sterdi\u011fini ve analiz etmemize yard\u0131mc\u0131 olur.<\/li>\n\n\n\n<li><strong>\u0130\u015flevsel:<\/strong> Bunlar, web sitemizdeki baz\u0131 \u00f6nemli olmayan i\u015flevlere yard\u0131mc\u0131 olan \u00e7erezlerdir. Bu i\u015flevler aras\u0131nda videolar gibi i\u00e7erik yerle\u015ftirme veya web sitesindeki i\u00e7erikleri sosyal medya platformlar\u0131nda payla\u015fma yer al\u0131r.<\/li>\n\n\n\n<li><strong>Tercihler:<\/strong> Bu \u00e7erezler ayarlar\u0131n\u0131z\u0131 kaydetmemize ve dil tercihleri gibi tarama tercihlerinizi belirlememize yard\u0131mc\u0131 olur, b\u00f6ylece web sitesine gelecekteki ziyaretlerinizde daha iyi ve verimli bir deneyime sahip olursunuz.<\/li>\n<\/ul>\n\n\n\n<figure class=\"wp-block-table\"><table class=\"has-fixed-layout\"><tbody><tr><td>Oturum \u00c7erezleri<em>(Session Cookies)<\/em><\/td><td>Oturum \u00e7erezleri ziyaret\u00e7ilerimizin web sitemizi ziyaretleri s\u00fcresince kullan\u0131lan, taray\u0131c\u0131 kapat\u0131ld\u0131ktan sonra silinen ge\u00e7ici \u00e7erezlerdir. Amac\u0131 ziyaretiniz s\u00fcresince \u0130nternet Sitesinin d\u00fczg\u00fcn bir bi\u00e7imde \u00e7al\u0131\u015fmas\u0131n\u0131n teminini sa\u011flamakt\u0131r.<\/td><\/tr><tr><td>Kal\u0131c\u0131 \u00c7erezler<em>(Persistent Cookies)<\/em><\/td><td>Kal\u0131c\u0131 \u00e7erezler web sitesinin i\u015flevselli\u011fini art\u0131rmak, ziyaret\u00e7ilerimize daha h\u0131zl\u0131 ve iyi bir hizmet sunmak amac\u0131yla kullan\u0131lan \u00e7erez t\u00fcrleridir. Bu t\u00fcr \u00e7erezler tercihlerinizi hat\u0131rlamak i\u00e7in kullan\u0131l\u0131r ve taray\u0131c\u0131lar vas\u0131tas\u0131yla cihaz\u0131n\u0131zda depolan\u0131r.<\/td><\/tr><tr><td>Teknik \u00c7erezler(<em>Technical Cookies<\/em>)<\/td><td>Teknik \u00e7erezler ile web sitesinin \u00e7al\u0131\u015fmas\u0131 sa\u011flanmakta, internet sitesinin \u00e7al\u0131\u015fmayan sayfalar\u0131 ve alanlar\u0131 tespit edilmektedir.<\/td><\/tr><tr><td>Otantikasyon \u00c7erezleri(<em>Authentication Cookies<\/em>)<\/td><td>Ziyaret\u00e7iler, \u015fifrelerini kullanarak internet sitesine giri\u015f yapmalar\u0131 durumunda, ziyaret etti\u011fi her bir sayfada site kullan\u0131c\u0131s\u0131 oldu\u011fu belirlenerek, her sayfada \u015fifresini yeniden girmesi \u00f6nlenir.<\/td><\/tr><tr><td>Flash \u00c7erezleri(<em>Flash Cookies)<\/em><\/td><td>\u0130nternet sitesinde yer alan g\u00f6r\u00fcnt\u00fc veya ses i\u00e7eriklerini etkinle\u015ftirmek i\u00e7in kullan\u0131lan \u00e7erez t\u00fcrleridir.<\/td><\/tr><tr><td>Ki\u015fiselle\u015ftirme \u00c7erezleri(<em>Customization Cookies)<\/em><\/td><td>Kullan\u0131c\u0131lar\u0131n dil gibi tercihlerini farkl\u0131 internet sitesinin farkl\u0131 sayfalar\u0131n\u0131 ziyarette de hat\u0131rlamak i\u00e7in kullan\u0131lan \u00e7erezlerdir.&nbsp;<\/td><\/tr><tr><td>Analitik \u00c7erezler(<em>Analytical Cookies)<\/em><\/td><td>Web sitesini ziyaret edenlerin say\u0131lar\u0131, g\u00f6r\u00fcnt\u00fclenen sayfalar\u0131n tespiti, ziyaret saatleri, sayfalar\u0131 kayd\u0131rma hareketleri gibi analitik sonu\u00e7lar\u0131 izleyen \u00e7erezlerdir.<\/td><\/tr><\/tbody><\/table><\/figure>\n\n\n\n<p>Web sitemizde \u00e7erez kullan\u0131lmas\u0131n\u0131n ba\u015fl\u0131ca ama\u00e7lar\u0131 a\u015fa\u011f\u0131da s\u0131ralanmaktad\u0131r:<\/p>\n\n\n\n<ul class=\"wp-block-list\">\n<li>\u0130nternet sitesinin i\u015flevselli\u011fini ve performans\u0131n\u0131 artt\u0131rmak yoluyla sizlere sunulan hizmetleri geli\u015ftirmek,<\/li>\n\n\n\n<li>\u0130nternet Sitesini iyile\u015ftirmek ve \u0130nternet Sitesi \u00fczerinden yeni \u00f6zellikler sunmak ve sunulan \u00f6zellikleri sizlerin tercihlerine g\u00f6re ki\u015fiselle\u015ftirmek,<\/li>\n\n\n\n<li>\u0130nternet Sitesinin, Sizin ve \u015eirket\u2019in hukuki ve ticari g\u00fcvenli\u011finin teminini sa\u011flamak.<\/li>\n<\/ul>\n\n\n\n<p>Web Sitesi \u00fczerinden elde edilen ki\u015fisel verileriniz; hizmet kalitesinin art\u0131r\u0131lmas\u0131, sistem y\u00f6netimi, ileti\u015fimin sa\u011flanmas\u0131 ve Web Sitesi&#8217;nin geli\u015ftirilmesi ama\u00e7lar\u0131yla KVKK\u2019n\u0131n 5. maddesinde yer alan me\u015fru menfaat ve s\u00f6zle\u015fmenin ifas\u0131 hukuki sebeplerine dayal\u0131 olarak i\u015flenmektedir.<\/p>\n\n\n\n<ol start=\"4\" class=\"wp-block-list\">\n<li><strong>\u00c7erezlerin Y\u00f6netimi<\/strong><\/li>\n<\/ol>\n\n\n\n<p>Taray\u0131c\u0131n\u0131z\u0131n ayarlar\u0131n\u0131 de\u011fi\u015ftirerek \u00e7erezleri devre d\u0131\u015f\u0131 b\u0131rakabilir, silebilir veya s\u0131n\u0131rland\u0131rabilirsiniz. \u00c7erezlerin devre d\u0131\u015f\u0131 b\u0131rak\u0131lmas\u0131, Web Sitesi\u2019nin baz\u0131 i\u015flevlerinin d\u00fczg\u00fcn \u00e7al\u0131\u015fmamas\u0131na neden olabilir.<\/p>\n\n\n\n<ol start=\"5\" class=\"wp-block-list\">\n<li><strong>Haklar\u0131n\u0131z<\/strong><\/li>\n<\/ol>\n\n\n\n<p>6698 say\u0131l\u0131 KVKK\u2019n\u0131n 11. maddesi uyar\u0131nca veri sahipleri, veri sorumlusuna ba\u015fvurarak a\u015fa\u011f\u0131daki haklara sahiptir:<\/p>\n\n\n\n<p>Herkes, veri sorumlusuna ba\u015fvurarak kendisiyle ilgili;<\/p>\n\n\n\n<p>a) Ki\u015fisel veri i\u015flenip i\u015flenmedi\u011fini \u00f6\u011frenme,<\/p>\n\n\n\n<p>b) Ki\u015fisel verileri i\u015flenmi\u015fse buna ili\u015fkin bilgi talep etme,<\/p>\n\n\n\n<p>c) Ki\u015fisel verilerin i\u015flenme amac\u0131n\u0131 ve bunlar\u0131n amac\u0131na uygun kullan\u0131l\u0131p kullan\u0131lmad\u0131\u011f\u0131n\u0131 \u00f6\u011frenme,<\/p>\n\n\n\n<p>\u00e7) Yurt i\u00e7inde veya yurt d\u0131\u015f\u0131nda ki\u015fisel verilerin aktar\u0131ld\u0131\u011f\u0131 \u00fc\u00e7\u00fcnc\u00fc ki\u015fileri bilme,<\/p>\n\n\n\n<p>d) Ki\u015fisel verilerin eksik veya yanl\u0131\u015f i\u015flenmi\u015f olmas\u0131 h\u00e2linde bunlar\u0131n d\u00fczeltilmesini isteme,<\/p>\n\n\n\n<p>e) 7 nci maddede \u00f6ng\u00f6r\u00fclen \u015fartlar \u00e7er\u00e7evesinde ki\u015fisel verilerin silinmesini veya yok edilmesini isteme,<\/p>\n\n\n\n<p>f) (d) ve (e) bentleri uyar\u0131nca yap\u0131lan i\u015flemlerin, ki\u015fisel verilerin aktar\u0131ld\u0131\u011f\u0131 \u00fc\u00e7\u00fcnc\u00fc ki\u015filere bildirilmesini isteme,<\/p>\n\n\n\n<p>g) \u0130\u015flenen verilerin m\u00fcnhas\u0131ran otomatik sistemler vas\u0131tas\u0131yla analiz edilmesi suretiyle ki\u015finin kendisi aleyhine bir sonucun ortaya \u00e7\u0131kmas\u0131na itiraz etme,<\/p>\n\n\n\n<p>\u011f) Ki\u015fisel verilerin kanuna ayk\u0131r\u0131 olarak i\u015flenmesi sebebiyle zarara u\u011framas\u0131 h\u00e2linde zarar\u0131n giderilmesini talep etme,<\/p>\n\n\n\n<p>haklar\u0131na sahiptir.<\/p>\n\n\n\n<ol start=\"6\" class=\"wp-block-list\">\n<li><strong>Haklar\u0131n Kullan\u0131m\u0131 ve Ba\u015fvuru Y\u00f6ntemi<\/strong><\/li>\n<\/ol>\n\n\n\n<p>Taleplerinizi Veri Sorumlusuna Ba\u015fvuru Usul ve Esaslar\u0131 Hakk\u0131nda Tebli\u011fe g\u00f6re, H\u00fcrriyet Mah. Yurt Sk. Moda \u0130\u015f Merkezi No:36\/6 K:5 Ka\u011f\u0131thane\/\u0130STANBUL adresine veya info@bbsdanismanlik.com mail adresine yaz\u0131l\u0131 olarak iletebilir veya Kurumumuzu telefon numaras\u0131ndan arayarak bilgi alabilirsiniz. Ayr\u0131ca taraf\u0131ndan https:\/\/bbsdanismanlik.com\/tr\/ alan\u0131nda yay\u0131nlanm\u0131\u015f Veri Sahibi Ba\u015fvuru Formu\u2019nu doldurarak \u015eirket\u2019e iletebilirsiniz<\/p>\n\n\n\n<p>\u015eirketimiz, talebin niteli\u011fine g\u00f6re ba\u015fvurunuzu en ge\u00e7 30 (otuz) g\u00fcn i\u00e7inde \u00fccretsiz olarak sonu\u00e7land\u0131racakt\u0131r. Ancak i\u015flemin ayr\u0131ca bir maliyet gerektirmesi h\u00e2linde, Kurul taraf\u0131ndan belirlenen tarifedeki \u00fccret al\u0131nabilir.<\/p>\n\n\n\n<ol start=\"7\" class=\"wp-block-list\">\n<li><strong>Politikan\u0131n Y\u00fcr\u00fcrl\u00fc\u011f\u00fc<\/strong><\/li>\n<\/ol>\n\n\n\n<p>Bu politika yay\u0131nland\u0131\u011f\u0131 tarihte y\u00fcr\u00fcrl\u00fc\u011fe girer. \u015eirket, bu politikada de\u011fi\u015fiklik yapma hakk\u0131n\u0131 sakl\u0131 tutar.<\/p>","protected":false},"excerpt":{"rendered":"<p>No: 01 \/ Tarih: 24.06.2025 BBS Dan\u0131\u015fmanl\u0131k Gayrimenkul ve E\u011fitim A.\u015e. (\u201cBBS\u201d veya \u201c\u015eirket\u201d) taraf\u0131ndan i\u015fletilen https:\/\/bbsdanismanlik.com\/ web sitesini ziyaret edenlerin (\u201cziyaret\u00e7i\u201d) ki\u015fisel verilerini 6698 say\u0131l\u0131 Ki\u015fisel Verilerin Korunmas\u0131 Kanunu (\u201cKanun\u201d) uyar\u0131nca i\u015flemekte ve gizlili\u011fini korumaktay\u0131z. \u0130\u015fbu \u00c7erez Politikas\u0131 (\u201cPolitika\u201d) ile ziyaret\u00e7ilerin ki\u015fisel verilerinin i\u015flenmesi, \u00e7erez politikas\u0131 ve internet sitesi gizlilik ilkeleri belirlenmektedir.\u00a0 \u00c7erezler (cookies),<\/p>","protected":false},"author":1,"featured_media":0,"parent":0,"menu_order":0,"comment_status":"closed","ping_status":"open","template":"","meta":{"inline_featured_image":false,"footnotes":""},"class_list":["post-9753","page","type-page","status-publish","hentry"],"yoast_head":"<!-- This site is optimized with the Yoast SEO Premium plugin v21.0 (Yoast SEO v26.9) - https:\/\/yoast.com\/product\/yoast-seo-premium-wordpress\/ -->\n<title>\u00c7erez Politikas\u0131 Copy - BBS Dan\u0131\u015fmanl\u0131k Gayrimenkul ve E\u011fitim | Gayrimenkul Hukuku, Tapu \u0130\u015flemleri, Kredi Teminat\u0131, \u0130potek \u0130\u015flemleri<\/title>\n<meta name=\"robots\" content=\"index, follow, max-snippet:-1, max-image-preview:large, max-video-preview:-1\" \/>\n<link rel=\"canonical\" href=\"https:\/\/bbsdanismanlik.com\/en\/cerez-politikasi-copy\/\" \/>\n<meta property=\"og:locale\" content=\"en_GB\" \/>\n<meta property=\"og:type\" content=\"article\" \/>\n<meta property=\"og:title\" content=\"\u00c7erez Politikas\u0131 Copy\" \/>\n<meta property=\"og:description\" content=\"No: 01 \/ Tarih: 24.06.2025 BBS Dan\u0131\u015fmanl\u0131k Gayrimenkul ve E\u011fitim A.\u015e. (\u201cBBS\u201d veya \u201c\u015eirket\u201d) taraf\u0131ndan i\u015fletilen https:\/\/bbsdanismanlik.com\/ web sitesini ziyaret edenlerin (\u201cziyaret\u00e7i\u201d) ki\u015fisel verilerini 6698 say\u0131l\u0131 Ki\u015fisel Verilerin Korunmas\u0131 Kanunu (\u201cKanun\u201d) uyar\u0131nca i\u015flemekte ve gizlili\u011fini korumaktay\u0131z. \u0130\u015fbu \u00c7erez Politikas\u0131 (\u201cPolitika\u201d) ile ziyaret\u00e7ilerin ki\u015fisel verilerinin i\u015flenmesi, \u00e7erez politikas\u0131 ve internet sitesi gizlilik ilkeleri belirlenmektedir.\u00a0 \u00c7erezler (cookies),\" \/>\n<meta property=\"og:url\" content=\"https:\/\/bbsdanismanlik.com\/en\/cerez-politikasi-copy\/\" \/>\n<meta property=\"og:site_name\" content=\"BBS Dan\u0131\u015fmanl\u0131k Gayrimenkul ve E\u011fitim | Gayrimenkul Hukuku, Tapu \u0130\u015flemleri, Kredi Teminat\u0131, \u0130potek \u0130\u015flemleri\" \/>\n<meta name=\"twitter:card\" content=\"summary_large_image\" \/>\n<meta name=\"twitter:label1\" content=\"Estimated reading time\" \/>\n\t<meta name=\"twitter:data1\" content=\"5 minutes\" \/>\n<script type=\"application\/ld+json\" class=\"yoast-schema-graph\">{\"@context\":\"https:\/\/schema.org\",\"@graph\":[{\"@type\":\"WebPage\",\"@id\":\"https:\/\/bbsdanismanlik.com\/tr\/cerez-politikasi-copy\/\",\"url\":\"https:\/\/bbsdanismanlik.com\/tr\/cerez-politikasi-copy\/\",\"name\":\"\u00c7erez Politikas\u0131 Copy - BBS Dan\u0131\u015fmanl\u0131k Gayrimenkul ve E\u011fitim | Gayrimenkul Hukuku, Tapu \u0130\u015flemleri, Kredi Teminat\u0131, \u0130potek \u0130\u015flemleri\",\"isPartOf\":{\"@id\":\"https:\/\/bbsdanismanlik.com\/tr\/#website\"},\"datePublished\":\"2025-06-27T07:39:31+00:00\",\"breadcrumb\":{\"@id\":\"https:\/\/bbsdanismanlik.com\/tr\/cerez-politikasi-copy\/#breadcrumb\"},\"inLanguage\":\"en-GB\",\"potentialAction\":[{\"@type\":\"ReadAction\",\"target\":[\"https:\/\/bbsdanismanlik.com\/tr\/cerez-politikasi-copy\/\"]}]},{\"@type\":\"BreadcrumbList\",\"@id\":\"https:\/\/bbsdanismanlik.com\/tr\/cerez-politikasi-copy\/#breadcrumb\",\"itemListElement\":[{\"@type\":\"ListItem\",\"position\":1,\"name\":\"Home\",\"item\":\"https:\/\/bbsdanismanlik.com\/en\/\"},{\"@type\":\"ListItem\",\"position\":2,\"name\":\"\u00c7erez Politikas\u0131 Copy\"}]},{\"@type\":\"WebSite\",\"@id\":\"https:\/\/bbsdanismanlik.com\/tr\/#website\",\"url\":\"https:\/\/bbsdanismanlik.com\/tr\/\",\"name\":\"BBS Dan\u0131\u015fmanl\u0131k Gayrimenkul ve E\u011fitim | Gayrimenkul Hukuku, Tapu \u0130\u015flemleri, Kredi Teminat\u0131, \u0130potek \u0130\u015flemleri\",\"description\":\"18 Y\u0131ll\u0131k Tecr\u00fcbe 1500&#039;\u00fc a\u015fk\u0131n dan\u0131\u015fman 81 \u0130lde Hizmet\",\"potentialAction\":[{\"@type\":\"SearchAction\",\"target\":{\"@type\":\"EntryPoint\",\"urlTemplate\":\"https:\/\/bbsdanismanlik.com\/tr\/?s={search_term_string}\"},\"query-input\":{\"@type\":\"PropertyValueSpecification\",\"valueRequired\":true,\"valueName\":\"search_term_string\"}}],\"inLanguage\":\"en-GB\"}]}<\/script>\n<!-- \/ Yoast SEO Premium plugin. -->","yoast_head_json":{"title":"\u00c7erez Politikas\u0131 Copy - BBS Dan\u0131\u015fmanl\u0131k Gayrimenkul ve E\u011fitim | Gayrimenkul Hukuku, Tapu \u0130\u015flemleri, Kredi Teminat\u0131, \u0130potek \u0130\u015flemleri","robots":{"index":"index","follow":"follow","max-snippet":"max-snippet:-1","max-image-preview":"max-image-preview:large","max-video-preview":"max-video-preview:-1"},"canonical":"https:\/\/bbsdanismanlik.com\/en\/cerez-politikasi-copy\/","og_locale":"en_GB","og_type":"article","og_title":"\u00c7erez Politikas\u0131 Copy","og_description":"No: 01 \/ Tarih: 24.06.2025 BBS Dan\u0131\u015fmanl\u0131k Gayrimenkul ve E\u011fitim A.\u015e. (\u201cBBS\u201d veya \u201c\u015eirket\u201d) taraf\u0131ndan i\u015fletilen https:\/\/bbsdanismanlik.com\/ web sitesini ziyaret edenlerin (\u201cziyaret\u00e7i\u201d) ki\u015fisel verilerini 6698 say\u0131l\u0131 Ki\u015fisel Verilerin Korunmas\u0131 Kanunu (\u201cKanun\u201d) uyar\u0131nca i\u015flemekte ve gizlili\u011fini korumaktay\u0131z. \u0130\u015fbu \u00c7erez Politikas\u0131 (\u201cPolitika\u201d) ile ziyaret\u00e7ilerin ki\u015fisel verilerinin i\u015flenmesi, \u00e7erez politikas\u0131 ve internet sitesi gizlilik ilkeleri belirlenmektedir.\u00a0 \u00c7erezler (cookies),","og_url":"https:\/\/bbsdanismanlik.com\/en\/cerez-politikasi-copy\/","og_site_name":"BBS Dan\u0131\u015fmanl\u0131k Gayrimenkul ve E\u011fitim | Gayrimenkul Hukuku, Tapu \u0130\u015flemleri, Kredi Teminat\u0131, \u0130potek \u0130\u015flemleri","twitter_card":"summary_large_image","twitter_misc":{"Estimated reading time":"5 minutes"},"schema":{"@context":"https:\/\/schema.org","@graph":[{"@type":"WebPage","@id":"https:\/\/bbsdanismanlik.com\/tr\/cerez-politikasi-copy\/","url":"https:\/\/bbsdanismanlik.com\/tr\/cerez-politikasi-copy\/","name":"\u00c7erez Politikas\u0131 Copy - BBS Dan\u0131\u015fmanl\u0131k Gayrimenkul ve E\u011fitim | Gayrimenkul Hukuku, Tapu \u0130\u015flemleri, Kredi Teminat\u0131, \u0130potek \u0130\u015flemleri","isPartOf":{"@id":"https:\/\/bbsdanismanlik.com\/tr\/#website"},"datePublished":"2025-06-27T07:39:31+00:00","breadcrumb":{"@id":"https:\/\/bbsdanismanlik.com\/tr\/cerez-politikasi-copy\/#breadcrumb"},"inLanguage":"en-GB","potentialAction":[{"@type":"ReadAction","target":["https:\/\/bbsdanismanlik.com\/tr\/cerez-politikasi-copy\/"]}]},{"@type":"BreadcrumbList","@id":"https:\/\/bbsdanismanlik.com\/tr\/cerez-politikasi-copy\/#breadcrumb","itemListElement":[{"@type":"ListItem","position":1,"name":"Home","item":"https:\/\/bbsdanismanlik.com\/en\/"},{"@type":"ListItem","position":2,"name":"\u00c7erez Politikas\u0131 Copy"}]},{"@type":"WebSite","@id":"https:\/\/bbsdanismanlik.com\/tr\/#website","url":"https:\/\/bbsdanismanlik.com\/tr\/","name":"BBS Dan\u0131\u015fmanl\u0131k Gayrimenkul ve E\u011fitim | Gayrimenkul Hukuku, Tapu \u0130\u015flemleri, Kredi Teminat\u0131, \u0130potek \u0130\u015flemleri","description":"18 Y\u0131ll\u0131k Tecr\u00fcbe 1500&#039;\u00fc a\u015fk\u0131n dan\u0131\u015fman 81 \u0130lde Hizmet","potentialAction":[{"@type":"SearchAction","target":{"@type":"EntryPoint","urlTemplate":"https:\/\/bbsdanismanlik.com\/tr\/?s={search_term_string}"},"query-input":{"@type":"PropertyValueSpecification","valueRequired":true,"valueName":"search_term_string"}}],"inLanguage":"en-GB"}]}},"_links":{"self":[{"href":"https:\/\/bbsdanismanlik.com\/en\/wp-json\/wp\/v2\/pages\/9753","targetHints":{"allow":["GET"]}}],"collection":[{"href":"https:\/\/bbsdanismanlik.com\/en\/wp-json\/wp\/v2\/pages"}],"about":[{"href":"https:\/\/bbsdanismanlik.com\/en\/wp-json\/wp\/v2\/types\/page"}],"author":[{"embeddable":true,"href":"https:\/\/bbsdanismanlik.com\/en\/wp-json\/wp\/v2\/users\/1"}],"replies":[{"embeddable":true,"href":"https:\/\/bbsdanismanlik.com\/en\/wp-json\/wp\/v2\/comments?post=9753"}],"version-history":[{"count":0,"href":"https:\/\/bbsdanismanlik.com\/en\/wp-json\/wp\/v2\/pages\/9753\/revisions"}],"wp:attachment":[{"href":"https:\/\/bbsdanismanlik.com\/en\/wp-json\/wp\/v2\/media?parent=9753"}],"curies":[{"name":"wp","href":"https:\/\/api.w.org\/{rel}","templated":true}]}}