{"id":1529,"date":"2017-02-09T14:04:48","date_gmt":"2017-02-09T11:04:48","guid":{"rendered":"http:\/\/consult.loc\/?page_id=1476"},"modified":"2025-08-04T19:00:07","modified_gmt":"2025-08-04T16:00:07","slug":"bize-ulasin-iletisim","status":"publish","type":"page","link":"https:\/\/bbsdanismanlik.com\/tr\/bize-ulasin-iletisim\/","title":{"rendered":"Bize Ula\u015f\u0131n"},"content":{"rendered":"\t\t<div data-elementor-type=\"wp-page\" data-elementor-id=\"1529\" class=\"elementor elementor-1529\">\n\t\t\t\t\t\t<section class=\"has_eae_slider elementor-section elementor-top-section elementor-element elementor-element-dc3db48 elementor-section-boxed elementor-section-height-default elementor-section-height-default\" data-eae-slider=\"70933\" data-id=\"dc3db48\" data-element_type=\"section\" data-e-type=\"section\" data-settings=\"{&quot;background_background&quot;:&quot;classic&quot;}\">\n\t\t\t\t\t\t<div class=\"elementor-container elementor-column-gap-default\">\n\t\t\t\t\t<div class=\"has_eae_slider elementor-column elementor-col-100 elementor-top-column elementor-element elementor-element-dc3e336\" data-eae-slider=\"26571\" data-id=\"dc3e336\" data-element_type=\"column\" data-e-type=\"column\" data-settings=\"{&quot;background_background&quot;:&quot;classic&quot;}\">\n\t\t\t<div class=\"elementor-widget-wrap elementor-element-populated\">\n\t\t\t\t\t\t<div class=\"elementor-element elementor-element-dc3e78f elementor-widget elementor-widget-text-editor\" data-id=\"dc3e78f\" data-element_type=\"widget\" data-e-type=\"widget\" data-widget_type=\"text-editor.default\">\n\t\t\t\t<div class=\"elementor-widget-container\">\n\t\t\t\t\t\t\t\t\t<p><span style=\"color: #444444;\"><span style=\"caret-color: #444444; letter-spacing: -0.4px;\">Bir sorunuz varsa, mesaj b\u0131rakmak istiyorsan\u0131z veya BBS Dan\u0131\u015fmanl\u0131k Hizmetleri hakk\u0131nda daha fazla bilgi istiyorsan\u0131z l\u00fctfen bizimle ileti\u015fime ge\u00e7iniz.<\/span><\/span><\/p>\n\t\t\t\t\t\t\t\t<\/div>\n\t\t\t\t<\/div>\n\t\t\t\t<div class=\"elementor-element elementor-element-dc3ea12 elementor-widget elementor-widget-stm_contacts_widget\" data-id=\"dc3ea12\" data-element_type=\"widget\" data-e-type=\"widget\" data-widget_type=\"stm_contacts_widget.default\">\n\t\t\t\t<div class=\"elementor-widget-container\">\n\t\t\t\t\t\n<div class=\"stm_contacts_widget consulting_elementor_contacts_widget style_4 \">\n    \n            <h4 class=\"no_stripe\">\u0130leti\u015fim Detaylar\u0131<\/h4>\n    \n    \n        <ul>\n                            <li>\n                    <div class=\"icon\"><i class=\"fa fa-map-marker\"><\/i><\/div>\n                    <div class=\"text\">H\u00fcrriyet Mh. Yurt Sk. Moda \u0130\u015f Merkezi No:36 Kat:5<br \/>Ka\u011f\u0131thane \/ \u0130stanbul<\/div>\n                <\/li>\n                                        <li>\n                    <div class=\"icon\"><i class=\"fa fa-phone\"><\/i><\/div>\n                    <div class=\"text\">\n                        4441227                                            <\/div>\n                <\/li>\n                                                    <li>\n                    <div class=\"icon\"><i class=\"fa fa-envelope\"><\/i><\/div>\n                    <div class=\"text\"><a href=\"mailto:&#105;&#110;f&#111;&#64;&#98;&#98;sd&#97;n&#105;&#115;manli&#107;.c&#111;&#109;\">inf&#111;&#64;bb&#115;d&#97;n&#105;&#115;&#109;an&#108;&#105;k.c&#111;&#109;<\/a><\/div>\n                <\/li>\n                                <\/ul>\n                    <ul class=\"socials\">\n                                                                    <li><a href=\"https:\/\/tr.linkedin.com\/company\/bbs-dani%C5%9Fmanlik-gayri%CC%87menkul-ve-e%C4%9Fi%CC%87ti%CC%87m-anoni%CC%87m-%C5%9Fi%CC%87rketi%CC%87\" target=\"_blank\" class=\"social-linkedin\"><i class=\"fa fa-linkedin\"><\/i><\/a><\/li>\n                                                            <\/ul>\n        \n    \n<\/div>\t\t\t\t<\/div>\n\t\t\t\t<\/div>\n\t\t\t\t\t<\/div>\n\t\t<\/div>\n\t\t\t\t<div class=\"has_eae_slider elementor-column elementor-col-100 elementor-top-column elementor-element elementor-element-dc3ec1a\" data-eae-slider=\"88096\" data-id=\"dc3ec1a\" data-element_type=\"column\" data-e-type=\"column\" data-settings=\"{&quot;background_background&quot;:&quot;classic&quot;}\">\n\t\t\t<div class=\"elementor-widget-wrap elementor-element-populated\">\n\t\t\t\t\t\t<div class=\"elementor-element elementor-element-dc3f1f0 elementor-widget elementor-widget-stm_contact_form_7\" data-id=\"dc3f1f0\" data-element_type=\"widget\" data-e-type=\"widget\" data-widget_type=\"stm_contact_form_7.default\">\n\t\t\t\t<div class=\"elementor-widget-container\">\n\t\t\t\t\t\n<div class=\"wpcf7 no-js\" id=\"wpcf7-f9477-o1\" lang=\"en-US\" dir=\"ltr\" data-wpcf7-id=\"9477\">\n<div class=\"screen-reader-response\"><p role=\"status\" aria-live=\"polite\" aria-atomic=\"true\"><\/p> <ul><\/ul><\/div>\n<form action=\"\/tr\/wp-json\/wp\/v2\/pages\/1529#wpcf7-f9477-o1\" method=\"post\" class=\"wpcf7-form init\" aria-label=\"Contact form\" novalidate=\"novalidate\" data-status=\"init\">\n<fieldset class=\"hidden-fields-container\"><input type=\"hidden\" name=\"_wpcf7\" value=\"9477\" \/><input type=\"hidden\" name=\"_wpcf7_version\" value=\"6.1.4\" \/><input type=\"hidden\" name=\"_wpcf7_locale\" value=\"en_US\" \/><input type=\"hidden\" name=\"_wpcf7_unit_tag\" value=\"wpcf7-f9477-o1\" \/><input type=\"hidden\" name=\"_wpcf7_container_post\" value=\"0\" \/><input type=\"hidden\" name=\"_wpcf7_posted_data_hash\" value=\"\" \/>\n<\/fieldset>\n<div class=\"request_callback\">\n    <div class=\"row\">\n        <div class=\"col-lg-6 col-md-6 col-sm-6 col-xs-12\">\n            <div class=\"input-group\">\n                <span class=\"wpcf7-form-control-wrap\" data-name=\"adiniz\"><input size=\"40\" maxlength=\"400\" class=\"wpcf7-form-control wpcf7-text wpcf7-validates-as-required\" aria-required=\"true\" aria-invalid=\"false\" placeholder=\"Ad\u0131n\u0131z *\" value=\"\" type=\"text\" name=\"adiniz\" \/><\/span>\n            <\/div>\n            <div class=\"input-group\">\n                <span class=\"wpcf7-form-control-wrap\" data-name=\"unvan\"><input size=\"40\" maxlength=\"400\" class=\"wpcf7-form-control wpcf7-text\" aria-invalid=\"false\" placeholder=\"\u00dcnvan\" value=\"\" type=\"text\" name=\"unvan\" \/><\/span>\n            <\/div>\n            <div class=\"input-group\">\n                <span class=\"wpcf7-form-control-wrap\" data-name=\"sirket\"><input size=\"40\" maxlength=\"400\" class=\"wpcf7-form-control wpcf7-text\" aria-invalid=\"false\" placeholder=\"\u015eirket\/Pozisyon\" value=\"\" type=\"text\" name=\"sirket\" \/><\/span>\n            <\/div>\n            <div class=\"input-group\">\n                <span class=\"wpcf7-form-control-wrap\" data-name=\"eposta\"><input size=\"40\" maxlength=\"400\" class=\"wpcf7-form-control wpcf7-email wpcf7-validates-as-required wpcf7-text wpcf7-validates-as-email\" aria-required=\"true\" aria-invalid=\"false\" placeholder=\"E-posta *\" value=\"\" type=\"email\" name=\"eposta\" \/><\/span>\n            <\/div>\n\n        <\/div>\n        <div class=\"col-lg-6 col-md-6 col-sm-6 col-xs-12\">\n\n<div class=\"input-group\">\n<span class=\"wpcf7-form-control-wrap\" data-name=\"hizmet_alani\"><select class=\"wpcf7-form-control wpcf7-select\" aria-invalid=\"false\" name=\"hizmet_alani\"><option value=\"\">\u0130lgilendi\u011finiz Konu *<\/option><option value=\"\u0130potek Tesisi Ve Tescili\">\u0130potek Tesisi Ve Tescili<\/option><option value=\"E-\u0130potek Deste\u011fi\">E-\u0130potek Deste\u011fi<\/option><option value=\"Gemi ve U\u00e7ak \u0130potek Tesisi\">Gemi ve U\u00e7ak \u0130potek Tesisi<\/option><option value=\"Maden \u0130\u015fletme Rehni\">Maden \u0130\u015fletme Rehni<\/option><option value=\"Ticari \u0130\u015fletme Rehni\">Ticari \u0130\u015fletme Rehni<\/option><option value=\"Tapu Tescil \u0130\u015flemleri\">Tapu Tescil \u0130\u015flemleri<\/option><option value=\"Sat\u0131\u015f\">Sat\u0131\u015f<\/option><option value=\"Tahliye\">Tahliye<\/option><option value=\"Di\u011fer \u0130\u015flemler\">Di\u011fer \u0130\u015flemler<\/option><option value=\"A\u00e7\u0131k Pozisyon Ba\u015fvurusu\">A\u00e7\u0131k Pozisyon Ba\u015fvurusu<\/option><\/select><\/span>\n<\/div>\n            <div class=\"input-group\">\n                <span class=\"wpcf7-form-control-wrap\" data-name=\"konu\"><input size=\"40\" maxlength=\"400\" class=\"wpcf7-form-control wpcf7-text wpcf7-validates-as-required\" aria-required=\"true\" aria-invalid=\"false\" placeholder=\"Konu *\" value=\"\" type=\"text\" name=\"konu\" \/><\/span>\n            <\/div>\n            <div class=\"input-group\">\n                <span class=\"wpcf7-form-control-wrap\" data-name=\"mesaj\"><textarea cols=\"40\" rows=\"10\" maxlength=\"2000\" class=\"wpcf7-form-control wpcf7-textarea wpcf7-validates-as-required\" aria-required=\"true\" aria-invalid=\"false\" placeholder=\"Mesaj\u0131n\u0131z *\" name=\"mesaj\"><\/textarea><\/span>\n            <\/div>\n            <div class=\"input-group\">\n                <button type=\"submit\" class=\"button size-lg icon_right\">g\u00f6nder <i class=\"fa fa-chevron-right\"><\/i><\/button>\n            <\/div>\n        <\/div>\n    <\/div>\n<\/div>\n\n[stmgdpr \"Bu web sitesinin verilerimin depolanmas\u0131 ve i\u015flenmesi konusunda hemfikirim.\"]<div class=\"wpcf7-response-output\" aria-hidden=\"true\"><\/div>\n<\/form>\n<\/div>\n\t\t\t\t\t\t<\/div>\n\t\t\t\t<\/div>\n\t\t\t\t\t<\/div>\n\t\t<\/div>\n\t\t\t\t\t<\/div>\n\t\t<\/section>\n\t\t\t\t<section class=\"has_eae_slider elementor-section elementor-top-section elementor-element elementor-element-dc3f294 elementor-section-full_width elementor-section-height-min-height elementor-section-items-stretch elementor-section-height-default\" data-eae-slider=\"14063\" data-id=\"dc3f294\" data-element_type=\"section\" data-e-type=\"section\" data-settings=\"{&quot;background_background&quot;:&quot;classic&quot;}\">\n\t\t\t\t\t\t<div class=\"elementor-container elementor-column-gap-no\">\n\t\t\t\t\t<div class=\"has_eae_slider elementor-column elementor-col-100 elementor-top-column elementor-element elementor-element-dc3f789\" data-eae-slider=\"38725\" data-id=\"dc3f789\" data-element_type=\"column\" data-e-type=\"column\">\n\t\t\t<div class=\"elementor-widget-wrap elementor-element-populated\">\n\t\t\t\t\t\t<div class=\"elementor-element elementor-element-63e3b2f elementor-widget elementor-widget-wts-gmap\" data-id=\"63e3b2f\" data-element_type=\"widget\" data-e-type=\"widget\" data-widget_type=\"wts-gmap.default\">\n\t\t\t\t<div class=\"elementor-widget-container\">\n\t\t\t\t\t\t\t\t<div class=\"eae-markers\" data-zoom=\"10\" data-style=\"[{&quot;featureType&quot;:&quot;administrative&quot;,&quot;elementType&quot;:&quot;labels.text.fill&quot;,&quot;stylers&quot;:[{&quot;color&quot;:&quot;#444444&quot;}]},{&quot;featureType&quot;:&quot;landscape&quot;,&quot;elementType&quot;:&quot;all&quot;,&quot;stylers&quot;:[{&quot;color&quot;:&quot;#f2f2f2&quot;}]},{&quot;featureType&quot;:&quot;poi&quot;,&quot;elementType&quot;:&quot;all&quot;,&quot;stylers&quot;:[{&quot;visibility&quot;:&quot;off&quot;}]},{&quot;featureType&quot;:&quot;road&quot;,&quot;elementType&quot;:&quot;all&quot;,&quot;stylers&quot;:[{&quot;saturation&quot;:-100},{&quot;lightness&quot;:45}]},{&quot;featureType&quot;:&quot;road.highway&quot;,&quot;elementType&quot;:&quot;all&quot;,&quot;stylers&quot;:[{&quot;visibility&quot;:&quot;simplified&quot;}]},{&quot;featureType&quot;:&quot;road.arterial&quot;,&quot;elementType&quot;:&quot;labels.icon&quot;,&quot;stylers&quot;:[{&quot;visibility&quot;:&quot;off&quot;}]},{&quot;featureType&quot;:&quot;transit&quot;,&quot;elementType&quot;:&quot;all&quot;,&quot;stylers&quot;:[{&quot;visibility&quot;:&quot;off&quot;}]},{&quot;featureType&quot;:&quot;water&quot;,&quot;elementType&quot;:&quot;all&quot;,&quot;stylers&quot;:[{&quot;color&quot;:&quot;#46bcec&quot;},{&quot;visibility&quot;:&quot;on&quot;}]}]\" data-animate=\"animate-\">\n\t\t\t\t\t\t\t<div class=\"marker\" data-lng=\"28.980653637906002\" data-lat=\"41.07220296881451\" data-icon=\"\" data-icon-size=\"50\" data-info-window=\"no\">\n\t\t\t\t\t<div class=\"place-desc-large\"><p><strong>BBS DANI\u015eMANLIK GAYR\u0130MENKUL ve E\u011e\u0130T\u0130M A.\u015e.<\/strong><\/p><div class=\"address\"><strong>Adres:<\/strong> H\u00fcrriyet, Yurt Sk. No:36, 34403 K\u00e2\u011f\u0131thane\/\u0130stanbul<\/div><div><strong>Telefon:<\/strong> 444 1 227<\/div><div><strong>E-posta:<\/strong> info@bbsdanismanlik.com<\/div><\/div>\t\t\t\t<\/div>\n\t\t\t\t\t\t\t<\/div>\n\t\t\t\t\t\t\t<\/div>\n\t\t\t\t<\/div>\n\t\t\t\t\t<\/div>\n\t\t<\/div>\n\t\t\t\t\t<\/div>\n\t\t<\/section>\n\t\t\t\t<\/div>\n\t\t","protected":false},"excerpt":{"rendered":"<p>Bir sorunuz varsa, mesaj b\u0131rakmak istiyorsan\u0131z veya BBS Dan\u0131\u015fmanl\u0131k Hizmetleri hakk\u0131nda daha fazla bilgi istiyorsan\u0131z l\u00fctfen bizimle ileti\u015fime ge\u00e7iniz. \u0130leti\u015fim Detaylar\u0131 H\u00fcrriyet Mh. Yurt Sk. Moda \u0130\u015f Merkezi No:36 Kat:5Ka\u011f\u0131thane \/ \u0130stanbul 4441227 &#105;&#110;&#102;o&#64;&#98;bs&#100;&#97;&#110;i&#115;ma&#110;l&#105;&#107;.&#99;&#111;&#109; \u0130lgilendi\u011finiz Konu *\u0130potek Tesisi Ve TesciliE-\u0130potek Deste\u011fiGemi ve U\u00e7ak \u0130potek TesisiMaden \u0130\u015fletme RehniTicari \u0130\u015fletme RehniTapu Tescil \u0130\u015flemleriSat\u0131\u015fTahliyeDi\u011fer \u0130\u015flemlerA\u00e7\u0131k Pozisyon Ba\u015fvurusu g\u00f6nder<\/p>\n","protected":false},"author":1,"featured_media":0,"parent":0,"menu_order":0,"comment_status":"closed","ping_status":"closed","template":"","meta":{"inline_featured_image":false,"footnotes":""},"class_list":["post-1529","page","type-page","status-publish","hentry"],"yoast_head":"<!-- This site is optimized with the Yoast SEO Premium plugin v21.0 (Yoast SEO v26.9) - https:\/\/yoast.com\/product\/yoast-seo-premium-wordpress\/ -->\n<title>Bize Ula\u015f\u0131n - BBS Dan\u0131\u015fmanl\u0131k Gayrimenkul ve E\u011fitim | Gayrimenkul Hukuku, Tapu \u0130\u015flemleri, Kredi Teminat\u0131, \u0130potek \u0130\u015flemleri<\/title>\n<meta name=\"robots\" content=\"index, follow, max-snippet:-1, max-image-preview:large, max-video-preview:-1\" \/>\n<link rel=\"canonical\" href=\"https:\/\/bbsdanismanlik.com\/tr\/bize-ulasin-iletisim\/\" \/>\n<meta property=\"og:locale\" content=\"tr_TR\" \/>\n<meta property=\"og:type\" content=\"article\" \/>\n<meta property=\"og:title\" content=\"Bize Ula\u015f\u0131n\" \/>\n<meta property=\"og:description\" content=\"Bir sorunuz varsa, mesaj b\u0131rakmak istiyorsan\u0131z veya BBS Dan\u0131\u015fmanl\u0131k Hizmetleri hakk\u0131nda daha fazla bilgi istiyorsan\u0131z l\u00fctfen bizimle ileti\u015fime ge\u00e7iniz. \u0130leti\u015fim Detaylar\u0131 H\u00fcrriyet Mh. Yurt Sk. Moda \u0130\u015f Merkezi No:36 Kat:5Ka\u011f\u0131thane \/ \u0130stanbul 4441227 &#105;&#110;&#102;o&#064;&#098;bs&#100;&#097;&#110;i&#115;ma&#110;l&#105;&#107;.&#099;&#111;&#109; \u0130lgilendi\u011finiz Konu *\u0130potek Tesisi Ve TesciliE-\u0130potek Deste\u011fiGemi ve U\u00e7ak \u0130potek TesisiMaden \u0130\u015fletme RehniTicari \u0130\u015fletme RehniTapu Tescil \u0130\u015flemleriSat\u0131\u015fTahliyeDi\u011fer \u0130\u015flemlerA\u00e7\u0131k Pozisyon Ba\u015fvurusu g\u00f6nder\" \/>\n<meta property=\"og:url\" content=\"https:\/\/bbsdanismanlik.com\/tr\/bize-ulasin-iletisim\/\" \/>\n<meta property=\"og:site_name\" content=\"BBS Dan\u0131\u015fmanl\u0131k Gayrimenkul ve E\u011fitim | Gayrimenkul Hukuku, Tapu \u0130\u015flemleri, Kredi Teminat\u0131, \u0130potek \u0130\u015flemleri\" \/>\n<meta property=\"article:modified_time\" content=\"2025-08-04T16:00:07+00:00\" \/>\n<meta name=\"twitter:card\" content=\"summary_large_image\" \/>\n<meta name=\"twitter:label1\" content=\"Tahmini okuma s\u00fcresi\" \/>\n\t<meta name=\"twitter:data1\" content=\"14 dakika\" \/>\n<script type=\"application\/ld+json\" class=\"yoast-schema-graph\">{\"@context\":\"https:\/\/schema.org\",\"@graph\":[{\"@type\":\"WebPage\",\"@id\":\"https:\/\/bbsdanismanlik.com\/en\/bize-ulasin-iletisim\/\",\"url\":\"https:\/\/bbsdanismanlik.com\/en\/bize-ulasin-iletisim\/\",\"name\":\"Bize Ula\u015f\u0131n - BBS Dan\u0131\u015fmanl\u0131k Gayrimenkul ve E\u011fitim | Gayrimenkul Hukuku, Tapu \u0130\u015flemleri, Kredi Teminat\u0131, \u0130potek \u0130\u015flemleri\",\"isPartOf\":{\"@id\":\"https:\/\/bbsdanismanlik.com\/tr\/#website\"},\"datePublished\":\"2017-02-09T11:04:48+00:00\",\"dateModified\":\"2025-08-04T16:00:07+00:00\",\"breadcrumb\":{\"@id\":\"https:\/\/bbsdanismanlik.com\/en\/bize-ulasin-iletisim\/#breadcrumb\"},\"inLanguage\":\"tr\",\"potentialAction\":[{\"@type\":\"ReadAction\",\"target\":[\"https:\/\/bbsdanismanlik.com\/en\/bize-ulasin-iletisim\/\"]}]},{\"@type\":\"BreadcrumbList\",\"@id\":\"https:\/\/bbsdanismanlik.com\/en\/bize-ulasin-iletisim\/#breadcrumb\",\"itemListElement\":[{\"@type\":\"ListItem\",\"position\":1,\"name\":\"Home\",\"item\":\"https:\/\/bbsdanismanlik.com\/en\/\"},{\"@type\":\"ListItem\",\"position\":2,\"name\":\"Bize Ula\u015f\u0131n\"}]},{\"@type\":\"WebSite\",\"@id\":\"https:\/\/bbsdanismanlik.com\/tr\/#website\",\"url\":\"https:\/\/bbsdanismanlik.com\/tr\/\",\"name\":\"BBS Dan\u0131\u015fmanl\u0131k Gayrimenkul ve E\u011fitim | Gayrimenkul Hukuku, Tapu \u0130\u015flemleri, Kredi Teminat\u0131, \u0130potek \u0130\u015flemleri\",\"description\":\"18 Y\u0131ll\u0131k Tecr\u00fcbe 1500&#039;\u00fc a\u015fk\u0131n dan\u0131\u015fman 81 \u0130lde Hizmet\",\"potentialAction\":[{\"@type\":\"SearchAction\",\"target\":{\"@type\":\"EntryPoint\",\"urlTemplate\":\"https:\/\/bbsdanismanlik.com\/tr\/?s={search_term_string}\"},\"query-input\":{\"@type\":\"PropertyValueSpecification\",\"valueRequired\":true,\"valueName\":\"search_term_string\"}}],\"inLanguage\":\"tr\"}]}<\/script>\n<!-- \/ Yoast SEO Premium plugin. -->","yoast_head_json":{"title":"Bize Ula\u015f\u0131n - BBS Dan\u0131\u015fmanl\u0131k Gayrimenkul ve E\u011fitim | Gayrimenkul Hukuku, Tapu \u0130\u015flemleri, Kredi Teminat\u0131, \u0130potek \u0130\u015flemleri","robots":{"index":"index","follow":"follow","max-snippet":"max-snippet:-1","max-image-preview":"max-image-preview:large","max-video-preview":"max-video-preview:-1"},"canonical":"https:\/\/bbsdanismanlik.com\/tr\/bize-ulasin-iletisim\/","og_locale":"tr_TR","og_type":"article","og_title":"Bize Ula\u015f\u0131n","og_description":"Bir sorunuz varsa, mesaj b\u0131rakmak istiyorsan\u0131z veya BBS Dan\u0131\u015fmanl\u0131k Hizmetleri hakk\u0131nda daha fazla bilgi istiyorsan\u0131z l\u00fctfen bizimle ileti\u015fime ge\u00e7iniz. \u0130leti\u015fim Detaylar\u0131 H\u00fcrriyet Mh. Yurt Sk. Moda \u0130\u015f Merkezi No:36 Kat:5Ka\u011f\u0131thane \/ \u0130stanbul 4441227 &#105;&#110;&#102;o&#64;&#98;bs&#100;&#97;&#110;i&#115;ma&#110;l&#105;&#107;.&#99;&#111;&#109; \u0130lgilendi\u011finiz Konu *\u0130potek Tesisi Ve TesciliE-\u0130potek Deste\u011fiGemi ve U\u00e7ak \u0130potek TesisiMaden \u0130\u015fletme RehniTicari \u0130\u015fletme RehniTapu Tescil \u0130\u015flemleriSat\u0131\u015fTahliyeDi\u011fer \u0130\u015flemlerA\u00e7\u0131k Pozisyon Ba\u015fvurusu g\u00f6nder","og_url":"https:\/\/bbsdanismanlik.com\/tr\/bize-ulasin-iletisim\/","og_site_name":"BBS Dan\u0131\u015fmanl\u0131k Gayrimenkul ve E\u011fitim | Gayrimenkul Hukuku, Tapu \u0130\u015flemleri, Kredi Teminat\u0131, \u0130potek \u0130\u015flemleri","article_modified_time":"2025-08-04T16:00:07+00:00","twitter_card":"summary_large_image","twitter_misc":{"Tahmini okuma s\u00fcresi":"14 dakika"},"schema":{"@context":"https:\/\/schema.org","@graph":[{"@type":"WebPage","@id":"https:\/\/bbsdanismanlik.com\/en\/bize-ulasin-iletisim\/","url":"https:\/\/bbsdanismanlik.com\/en\/bize-ulasin-iletisim\/","name":"Bize Ula\u015f\u0131n - BBS Dan\u0131\u015fmanl\u0131k Gayrimenkul ve E\u011fitim | Gayrimenkul Hukuku, Tapu \u0130\u015flemleri, Kredi Teminat\u0131, \u0130potek \u0130\u015flemleri","isPartOf":{"@id":"https:\/\/bbsdanismanlik.com\/tr\/#website"},"datePublished":"2017-02-09T11:04:48+00:00","dateModified":"2025-08-04T16:00:07+00:00","breadcrumb":{"@id":"https:\/\/bbsdanismanlik.com\/en\/bize-ulasin-iletisim\/#breadcrumb"},"inLanguage":"tr","potentialAction":[{"@type":"ReadAction","target":["https:\/\/bbsdanismanlik.com\/en\/bize-ulasin-iletisim\/"]}]},{"@type":"BreadcrumbList","@id":"https:\/\/bbsdanismanlik.com\/en\/bize-ulasin-iletisim\/#breadcrumb","itemListElement":[{"@type":"ListItem","position":1,"name":"Home","item":"https:\/\/bbsdanismanlik.com\/en\/"},{"@type":"ListItem","position":2,"name":"Bize Ula\u015f\u0131n"}]},{"@type":"WebSite","@id":"https:\/\/bbsdanismanlik.com\/tr\/#website","url":"https:\/\/bbsdanismanlik.com\/tr\/","name":"BBS Dan\u0131\u015fmanl\u0131k Gayrimenkul ve E\u011fitim | Gayrimenkul Hukuku, Tapu \u0130\u015flemleri, Kredi Teminat\u0131, \u0130potek \u0130\u015flemleri","description":"18 Y\u0131ll\u0131k Tecr\u00fcbe 1500&#039;\u00fc a\u015fk\u0131n dan\u0131\u015fman 81 \u0130lde Hizmet","potentialAction":[{"@type":"SearchAction","target":{"@type":"EntryPoint","urlTemplate":"https:\/\/bbsdanismanlik.com\/tr\/?s={search_term_string}"},"query-input":{"@type":"PropertyValueSpecification","valueRequired":true,"valueName":"search_term_string"}}],"inLanguage":"tr"}]}},"_links":{"self":[{"href":"https:\/\/bbsdanismanlik.com\/tr\/wp-json\/wp\/v2\/pages\/1529","targetHints":{"allow":["GET"]}}],"collection":[{"href":"https:\/\/bbsdanismanlik.com\/tr\/wp-json\/wp\/v2\/pages"}],"about":[{"href":"https:\/\/bbsdanismanlik.com\/tr\/wp-json\/wp\/v2\/types\/page"}],"author":[{"embeddable":true,"href":"https:\/\/bbsdanismanlik.com\/tr\/wp-json\/wp\/v2\/users\/1"}],"replies":[{"embeddable":true,"href":"https:\/\/bbsdanismanlik.com\/tr\/wp-json\/wp\/v2\/comments?post=1529"}],"version-history":[{"count":0,"href":"https:\/\/bbsdanismanlik.com\/tr\/wp-json\/wp\/v2\/pages\/1529\/revisions"}],"wp:attachment":[{"href":"https:\/\/bbsdanismanlik.com\/tr\/wp-json\/wp\/v2\/media?parent=1529"}],"curies":[{"name":"wp","href":"https:\/\/api.w.org\/{rel}","templated":true}]}}