{"id":7324,"date":"2023-08-01T15:26:41","date_gmt":"2023-08-01T12:26:41","guid":{"rendered":"https:\/\/ask.vektorika.com\/company-overview\/careers-copy\/"},"modified":"2023-10-31T17:37:03","modified_gmt":"2023-10-31T14:37:03","slug":"kariyer","status":"publish","type":"page","link":"https:\/\/bbsdanismanlik.com\/tr\/hakkimizda\/kariyer\/","title":{"rendered":"Kariyer"},"content":{"rendered":"\t\t<div data-elementor-type=\"wp-page\" data-elementor-id=\"7324\" class=\"elementor elementor-7324\">\n\t\t\t\t\t\t<section class=\"has_eae_slider elementor-section elementor-top-section elementor-element elementor-element-b2bfe44 elementor-section-boxed elementor-section-height-default elementor-section-height-default\" data-eae-slider=\"17964\" data-id=\"b2bfe44\" data-element_type=\"section\" data-e-type=\"section\" data-settings=\"{&quot;background_background&quot;:&quot;classic&quot;}\">\n\t\t\t\t\t\t<div class=\"elementor-container elementor-column-gap-default\">\n\t\t\t\t\t<div class=\"has_eae_slider elementor-column elementor-col-100 elementor-top-column elementor-element elementor-element-b2c065b\" data-eae-slider=\"5354\" data-id=\"b2c065b\" data-element_type=\"column\" data-e-type=\"column\">\n\t\t\t<div class=\"elementor-widget-wrap elementor-element-populated\">\n\t\t\t\t\t\t<div class=\"elementor-element elementor-element-b2c0d94 elementor-widget elementor-widget-text-editor\" data-id=\"b2c0d94\" data-element_type=\"widget\" data-e-type=\"widget\" data-widget_type=\"text-editor.default\">\n\t\t\t\t<div class=\"elementor-widget-container\">\n\t\t\t\t\t\t\t\t\t<h2>Kariyer<\/h2>\n<p style=\"text-align: justify;\"><strong>BBS Dan\u0131\u015fmanl\u0131k Gayrimenkul ve E\u011fitim A.\u015e.<\/strong> Y\u0131llar\u0131n tecr\u00fcbesi ile sahip oldu\u011fu <strong>Bilgi<\/strong>\u2019yi, <strong>Ba\u015far\u0131<\/strong>\u2019l\u0131 olma d\u00fcrt\u00fcs\u00fcyle ya\u015fayan, \u00f6z disiplinli \u00e7al\u0131\u015fma iradesine sahip bireylerin, i\u015fine <strong>Sadakat<\/strong> ile yakla\u015fan insanlar\u0131 i\u015fe alma konusunda uzman\u0131z. Ekibimizi beslemeye ve i\u00e7imizde yarat\u0131c\u0131 d\u00fc\u015f\u00fcnceye elveri\u015fli bir ortam sa\u011flamaya odaklan\u0131yoruz. <strong>BBS Dan\u0131\u015fmanl\u0131k<\/strong> ailesi olarak uzun y\u0131llar m\u00fc\u015fterilerimize kaliteli ve g\u00fcvenli hizmet vermemizin nedeni <strong>Bilgi * Ba\u015far\u0131 * Sadakat <\/strong>motivasyonuna sahip bireylerden olu\u015fan bir aile olmam\u0131zd\u0131r.<\/p>\n\t\t\t\t\t\t\t\t<\/div>\n\t\t\t\t<\/div>\n\t\t\t\t<div class=\"elementor-element elementor-element-b2c5d34 elementor-widget elementor-widget-vc_custom_heading\" data-id=\"b2c5d34\" data-element_type=\"widget\" data-e-type=\"widget\" data-widget_type=\"vc_custom_heading.default\">\n\t\t\t\t<div class=\"elementor-widget-container\">\n\t\t\t\t\t<div class=\" vc_custom_heading no_stripe consulting_heading_font  text_align_left\" ><h4 style=\"color: #222222;text-align: left;font-weight:700\" class=\"consulting-custom-title\">A\u00e7\u0131k pozisyonlar\n<\/h4><\/div>\t\t\t\t<\/div>\n\t\t\t\t<\/div>\n\t\t\t\t<div class=\"elementor-element elementor-element-b2c600a elementor-widget elementor-widget-stm_vacancies\" data-id=\"b2c600a\" data-element_type=\"widget\" data-e-type=\"widget\" data-widget_type=\"stm_vacancies.default\">\n\t\t\t\t<div class=\"elementor-widget-container\">\n\t\t\t\t\t    <div class=\"vacancy_table_wr consulting_elementor_vacancies style_1\">\n\n        \n            <table class=\"vacancy_table\" id=\"vacancy_table_863201884\">\n                <thead>\n                <tr>\n                    <th>\u0130\u015f \u0130lan\u0131 Ba\u015fl\u0131\u011f\u0131<\/th>\n                    <th class=\"location\">Lokasyon<\/th>\n                    <th>Departman<\/th>\n                    <th>Tarih<\/th>\n                <\/tr>\n                <\/thead>\n                <tbody>\n\n                                    <tr>\n                        <td><a href=\"https:\/\/bbsdanismanlik.com\/tr\/careers_archive\/sozlesmeli-avukat\/\">S\u00f6zle\u015fmeli Avukat<\/a><\/td>\n                        <td class=\"location\">T\u00fcrkiye Geneli<\/td>\n                        <td>Gayrimenkul<\/td>\n                        <td>8 Kas\u0131m 2019<\/td>\n                    <\/tr>\n                \n                <\/tbody>\n            <\/table>\n\n        \n        <script type=\"text\/javascript\">\n            jQuery(document).ready(function ($) {\n                $(\"#vacancy_table_863201884\").tablesorter();\n            });\n        <\/script>\n    <\/div>\n\t\t\t\t<\/div>\n\t\t\t\t<\/div>\n\t\t\t\t<div class=\"elementor-element elementor-element-b2c60cc elementor-widget elementor-widget-stm_spacing\" data-id=\"b2c60cc\" data-element_type=\"widget\" data-e-type=\"widget\" data-widget_type=\"stm_spacing.default\">\n\t\t\t\t<div class=\"elementor-widget-container\">\n\t\t\t\t\t<div class=\"stm-spacing\" id=\"stm-spacing-69e73651bc509\"><\/div>\n<script>\n    (function($){\n        \"use strict\";\n        var spacingID = 'stm-spacing-69e73651bc509',\n            lgSpacing = '0',\n            mdSpacing = '0',\n            smSpacing = '40',\n            xsSpacing = '40';\n\n        function stmSpacing() {\n            if ( window.matchMedia(\"(min-width: 1200px)\").matches && lgSpacing ) {\n                $( '#' + spacingID ).css ( \"height\", lgSpacing );\n            } else if ( window.matchMedia(\"(max-width: 1199px) and (min-width: 992px )\").matches && mdSpacing ) {\n                $( '#' + spacingID ).css ( \"height\", mdSpacing );\n            } else if ( window.matchMedia(\"(max-width: 991px) and (min-width: 768px )\").matches && smSpacing ) {\n                $( '#' + spacingID ).css ( \"height\", smSpacing );\n            } else if ( window.matchMedia(\"(max-width: 767px)\").matches && xsSpacing ) {\n                $( '#' + spacingID ).css ( \"height\", xsSpacing );\n            } else {\n                $( '#' + spacingID ).css ( \"height\", \"\" );\n            }\n        }\n\n        $(document).ready(function() {\n            stmSpacing();\n        });\n\n        $(window).resize(function() {\n            stmSpacing();\n        });\n\n    })(jQuery);\n<\/script>\t\t\t\t<\/div>\n\t\t\t\t<\/div>\n\t\t\t\t\t<\/div>\n\t\t<\/div>\n\t\t\t\t<div class=\"has_eae_slider elementor-column elementor-col-100 elementor-top-column elementor-element elementor-element-b2c6197\" data-eae-slider=\"76204\" data-id=\"b2c6197\" data-element_type=\"column\" data-e-type=\"column\">\n\t\t\t<div class=\"elementor-widget-wrap elementor-element-populated\">\n\t\t\t\t\t\t<div class=\"elementor-element elementor-element-b2c669c elementor-widget elementor-widget-stm_sidebar\" data-id=\"b2c669c\" data-element_type=\"widget\" data-e-type=\"widget\" data-widget_type=\"stm_sidebar.default\">\n\t\t\t\t<div class=\"elementor-widget-container\">\n\t\t\t\t\t\n<div class=\"stm_sidebar consulting_elementor_sidebar\">\n\n            \t\t<div data-elementor-type=\"wp-post\" data-elementor-id=\"7310\" class=\"elementor elementor-7310\">\n\t\t\t\t\t\t<section class=\"has_eae_slider elementor-section elementor-top-section elementor-element elementor-element-d40c925 elementor-section-boxed elementor-section-height-default elementor-section-height-default\" data-eae-slider=\"54551\" data-id=\"d40c925\" data-element_type=\"section\" data-e-type=\"section\" data-settings=\"{&quot;background_background&quot;:&quot;classic&quot;}\">\n\t\t\t\t\t\t<div class=\"elementor-container elementor-column-gap-default\">\n\t\t\t\t\t<div class=\"has_eae_slider elementor-column elementor-col-100 elementor-top-column elementor-element elementor-element-d40cf91\" data-eae-slider=\"97579\" data-id=\"d40cf91\" data-element_type=\"column\" data-e-type=\"column\">\n\t\t\t<div class=\"elementor-widget-wrap elementor-element-populated\">\n\t\t\t\t\t\t<div class=\"elementor-element elementor-element-d40d3b8 mb-30 elementor-widget elementor-widget-wp-widget-nav_menu\" data-id=\"d40d3b8\" data-element_type=\"widget\" data-e-type=\"widget\" data-widget_type=\"wp-widget-nav_menu.default\">\n\t\t\t\t<div class=\"elementor-widget-container\">\n\t\t\t\t\t<aside class='widget widget_nav_menu'><div class=\"menu-sidebar-menu-1-tr-container\"><ul id=\"menu-sidebar-menu-1-tr\" class=\"menu\"><li id=\"menu-item-7929\" class=\"menu-item menu-item-type-post_type menu-item-object-page menu-item-7929\"><a href=\"https:\/\/bbsdanismanlik.com\/tr\/hakkimizda\/\">Hakk\u0131m\u0131zda<\/a><\/li>\n<li id=\"menu-item-7928\" class=\"menu-item menu-item-type-post_type menu-item-object-page menu-item-7928\"><a href=\"https:\/\/bbsdanismanlik.com\/tr\/hakkimizda\/sirket-tarihcesi\/\">\u015eirket Tarih\u00e7esi<\/a><\/li>\n<li id=\"menu-item-7927\" class=\"menu-item menu-item-type-post_type menu-item-object-page menu-item-7927\"><a href=\"https:\/\/bbsdanismanlik.com\/tr\/hakkimizda\/vizyonumuz-misyonumuz\/\">Vizyonumuz &#038; Misyonumuz<\/a><\/li>\n<li id=\"menu-item-7892\" class=\"menu-item menu-item-type-post_type menu-item-object-page menu-item-7892\"><a href=\"https:\/\/bbsdanismanlik.com\/tr\/hakkimizda\/yeterlilik-ve-sertifikalarimiz\/\">Yeterlilik &#038; Sertifikalar<\/a><\/li>\n<li id=\"menu-item-8813\" class=\"menu-item menu-item-type-post_type menu-item-object-page menu-item-8813\"><a href=\"https:\/\/bbsdanismanlik.com\/tr\/hakkimizda\/kariyer\/\">Kariyer<\/a><\/li>\n<li id=\"menu-item-7932\" class=\"menu-item menu-item-type-post_type menu-item-object-page menu-item-7932\"><a href=\"https:\/\/bbsdanismanlik.com\/tr\/hakkimizda\/referanslar\/\">Referanslar<\/a><\/li>\n<li id=\"menu-item-8654\" class=\"menu-item menu-item-type-post_type menu-item-object-page menu-item-8654\"><a href=\"https:\/\/bbsdanismanlik.com\/tr\/hakkimizda\/sikca-sorulan-sorular\/\">S\u0131k\u00e7a Sorulan Sorular<\/a><\/li>\n<li id=\"menu-item-8651\" class=\"menu-item menu-item-type-post_type menu-item-object-page menu-item-8651\"><a href=\"https:\/\/bbsdanismanlik.com\/tr\/hakkimizda\/bbs-avukat-pro\/\">BBS Avukat Pro<\/a><\/li>\n<\/ul><\/div><\/aside>\t\t\t\t<\/div>\n\t\t\t\t<\/div>\n\t\t\t\t<div class=\"elementor-element elementor-element-ef51a92 elementor-align-left elementor-widget elementor-widget-button\" data-id=\"ef51a92\" data-element_type=\"widget\" data-e-type=\"widget\" data-widget_type=\"button.default\">\n\t\t\t\t<div class=\"elementor-widget-container\">\n\t\t\t\t\t\t\t\t\t<div class=\"elementor-button-wrapper icon_align_  button_block\">\n\t\t\t\t\t<a class=\"elementor-button elementor-button-link elementor-size-lg\" href=\"https:\/\/webtapu.tkgm.gov.tr\/\" target=\"_blank\">\n\t\t\t\t\t\t<span class=\"elementor-button-content-wrapper\">\n\t\t\t\t\t\t<span class=\"elementor-button-icon\">\n\t\t\t\t<i aria-hidden=\"true\" class=\"fas fa-external-link-alt\"><\/i>\t\t\t<\/span>\n\t\t\t\t\t\t\t\t\t<span class=\"elementor-button-text\">WEB TAPU<\/span>\n\t\t\t\t\t<\/span>\n\t\t\t\t\t<\/a>\n\t\t\t\t<\/div>\n\t\t\t\t\t\t\t\t<\/div>\n\t\t\t\t<\/div>\n\t\t\t\t<div class=\"elementor-element elementor-element-49fbc06 elementor-align-left elementor-widget elementor-widget-button\" data-id=\"49fbc06\" data-element_type=\"widget\" data-e-type=\"widget\" data-widget_type=\"button.default\">\n\t\t\t\t<div class=\"elementor-widget-container\">\n\t\t\t\t\t\t\t\t\t<div class=\"elementor-button-wrapper icon_align_  button_block\">\n\t\t\t\t\t<a class=\"elementor-button elementor-button-link elementor-size-lg\" href=\"https:\/\/randevu.tkgm.gov.tr\/\" target=\"_blank\">\n\t\t\t\t\t\t<span class=\"elementor-button-content-wrapper\">\n\t\t\t\t\t\t<span class=\"elementor-button-icon\">\n\t\t\t\t<i aria-hidden=\"true\" class=\"fas fa-external-link-alt\"><\/i>\t\t\t<\/span>\n\t\t\t\t\t\t\t\t\t<span class=\"elementor-button-text\">E-RANDEVU<\/span>\n\t\t\t\t\t<\/span>\n\t\t\t\t\t<\/a>\n\t\t\t\t<\/div>\n\t\t\t\t\t\t\t\t<\/div>\n\t\t\t\t<\/div>\n\t\t\t\t\t<\/div>\n\t\t<\/div>\n\t\t\t\t\t<\/div>\n\t\t<\/section>\n\t\t\t\t<section class=\"has_eae_slider elementor-section elementor-top-section elementor-element elementor-element-d40e687 elementor-section-boxed elementor-section-height-default elementor-section-height-default\" data-eae-slider=\"87035\" data-id=\"d40e687\" data-element_type=\"section\" data-e-type=\"section\" data-settings=\"{&quot;background_background&quot;:&quot;classic&quot;}\">\n\t\t\t\t\t\t<div class=\"elementor-container elementor-column-gap-default\">\n\t\t\t\t\t<div class=\"has_eae_slider elementor-column elementor-col-100 elementor-top-column elementor-element elementor-element-61c6302\" data-eae-slider=\"55270\" data-id=\"61c6302\" data-element_type=\"column\" data-e-type=\"column\" data-settings=\"{&quot;background_background&quot;:&quot;classic&quot;}\">\n\t\t\t<div class=\"elementor-widget-wrap elementor-element-populated\">\n\t\t\t\t\t\t<section class=\"has_eae_slider elementor-section elementor-inner-section elementor-element elementor-element-a730c35 third_bg_color elementor-section-boxed elementor-section-height-default elementor-section-height-default\" data-eae-slider=\"23626\" data-id=\"a730c35\" data-element_type=\"section\" data-e-type=\"section\" data-settings=\"{&quot;background_background&quot;:&quot;classic&quot;}\">\n\t\t\t\t\t\t\t<div class=\"elementor-background-overlay\"><\/div>\n\t\t\t\t\t\t\t<div class=\"elementor-container elementor-column-gap-default\">\n\t\t\t\t\t<div class=\"has_eae_slider elementor-column elementor-col-100 elementor-inner-column elementor-element elementor-element-35cb945\" data-eae-slider=\"47054\" data-id=\"35cb945\" data-element_type=\"column\" data-e-type=\"column\" data-settings=\"{&quot;background_background&quot;:&quot;classic&quot;}\">\n\t\t\t<div class=\"elementor-widget-wrap elementor-element-populated\">\n\t\t\t\t\t\t<div class=\"elementor-element elementor-element-4fce589 elementor-widget elementor-widget-vc_custom_heading\" data-id=\"4fce589\" data-element_type=\"widget\" data-e-type=\"widget\" data-widget_type=\"vc_custom_heading.default\">\n\t\t\t\t<div class=\"elementor-widget-container\">\n\t\t\t\t\t<div class=\" vc_custom_heading  consulting_heading_font  text_align_left title_no_stripe\" ><h4 style=\"font-size: 16px;color: #ffffff;text-align: left;font-weight:700\" class=\"consulting-custom-title\">Size nas\u0131l yard\u0131mc\u0131 olabiliriz?\n<\/h4><\/div>\t\t\t\t<\/div>\n\t\t\t\t<\/div>\n\t\t\t\t<div class=\"elementor-element elementor-element-7eca680 elementor-widget elementor-widget-text-editor\" data-id=\"7eca680\" data-element_type=\"widget\" data-e-type=\"widget\" data-widget_type=\"text-editor.default\">\n\t\t\t\t<div class=\"elementor-widget-container\">\n\t\t\t\t\t\t\t\t\t<p><span style=\"font-size: 13px; line-height: 22px; color: #ffffff;\"> Bizimle ile do\u011frudan telefonla ula\u015f\u0131n veya ileti\u015fim formu ile mesaj g\u00f6nderin.<\/span><\/p>\n\t\t\t\t\t\t\t\t<\/div>\n\t\t\t\t<\/div>\n\t\t\t\t<div class=\"elementor-element elementor-element-51bfb4c elementor-widget__width-auto elementor-widget elementor-widget-button\" data-id=\"51bfb4c\" data-element_type=\"widget\" data-e-type=\"widget\" data-widget_type=\"button.default\">\n\t\t\t\t<div class=\"elementor-widget-container\">\n\t\t\t\t\t\t\t\t\t<div class=\"elementor-button-wrapper icon_align_  \">\n\t\t\t\t\t<a class=\"elementor-button elementor-button-link elementor-size-sm\" href=\"tel:\/\/4441227\">\n\t\t\t\t\t\t<span class=\"elementor-button-content-wrapper\">\n\t\t\t\t\t\t<span class=\"elementor-button-icon\">\n\t\t\t\t<i aria-hidden=\"true\" class=\"fas fa-phone-alt\"><\/i>\t\t\t<\/span>\n\t\t\t\t\t\t\t\t\t<span class=\"elementor-button-text\">ileti\u015fim<\/span>\n\t\t\t\t\t<\/span>\n\t\t\t\t\t<\/a>\n\t\t\t\t<\/div>\n\t\t\t\t\t\t\t\t<\/div>\n\t\t\t\t<\/div>\n\t\t\t\t\t<\/div>\n\t\t<\/div>\n\t\t\t\t\t<\/div>\n\t\t<\/section>\n\t\t\t\t\t<\/div>\n\t\t<\/div>\n\t\t\t\t\t<\/div>\n\t\t<\/section>\n\t\t\t\t<\/div>\n\t\t    \n<\/div>\t\t\t\t<\/div>\n\t\t\t\t<\/div>\n\t\t\t\t\t<\/div>\n\t\t<\/div>\n\t\t\t\t\t<\/div>\n\t\t<\/section>\n\t\t\t\t<section class=\"has_eae_slider elementor-section elementor-top-section elementor-element elementor-element-b2c682e third_bg_color elementor-section-boxed elementor-section-height-default elementor-section-height-default\" data-eae-slider=\"17881\" data-id=\"b2c682e\" data-element_type=\"section\" data-e-type=\"section\" data-settings=\"{&quot;background_background&quot;:&quot;classic&quot;}\">\n\t\t\t\t\t\t<div class=\"elementor-container elementor-column-gap-default\">\n\t\t\t\t\t<div class=\"has_eae_slider elementor-column elementor-col-100 elementor-top-column elementor-element elementor-element-b2c70d1\" data-eae-slider=\"53068\" data-id=\"b2c70d1\" data-element_type=\"column\" data-e-type=\"column\">\n\t\t\t<div class=\"elementor-widget-wrap elementor-element-populated\">\n\t\t\t\t\t\t<div class=\"elementor-element elementor-element-b2c76d3 elementor-widget elementor-widget-vc_cta\" data-id=\"b2c76d3\" data-element_type=\"widget\" data-e-type=\"widget\" data-widget_type=\"vc_cta.default\">\n\t\t\t\t<div class=\"elementor-widget-container\">\n\t\t\t\t\t\n<div class=\"ce_cta ce_cta_2646ea7f6eedc8d8f01ec5986794783b ce_text_left third_bg_color add_button_right btn_align_right btn_button_block_ btn_has_icon btn_has_icon_on_the_right\" id=\"\">\n\t<div class=\"ce_cta__content\">\n\t\t<div class=\"ce_cta__content__header\">\n\t\t\t<h2  class='ce_cta__content__title '>Birinci S\u0131n\u0131f Dan\u0131\u015fman\u0131l\u0131k m\u0131 ar\u0131yorsunuz?<\/h2>\t\t<\/div>\n\t\t\t<\/div>\n\n\t\t<div class=\"ce_cta__action\">\n\t\t<a\n\t\t\thref=\"tel:4441227\"\n\t\t\t\t\t\ttarget=\"_self\"\n\t\t\tclass=\"button\n\t\t\t\t\t\">\n\t\t\t<span>Bizi Aray\u0131n<\/span>\n\t\t\t\t\t\t<i class=\"fa fa-chevron-right\"><\/i>\n\t\t\t\t\t<\/a>\n\t<\/div>\n\t<\/div>\n\t\t\t\t<\/div>\n\t\t\t\t<\/div>\n\t\t\t\t\t<\/div>\n\t\t<\/div>\n\t\t\t\t\t<\/div>\n\t\t<\/section>\n\t\t\t\t<\/div>\n\t\t","protected":false},"excerpt":{"rendered":"<p>Kariyer BBS Dan\u0131\u015fmanl\u0131k Gayrimenkul ve E\u011fitim A.\u015e. Y\u0131llar\u0131n tecr\u00fcbesi ile sahip oldu\u011fu Bilgi\u2019yi, Ba\u015far\u0131\u2019l\u0131 olma d\u00fcrt\u00fcs\u00fcyle ya\u015fayan, \u00f6z disiplinli \u00e7al\u0131\u015fma iradesine sahip bireylerin, i\u015fine Sadakat ile yakla\u015fan insanlar\u0131 i\u015fe alma konusunda uzman\u0131z. Ekibimizi beslemeye ve i\u00e7imizde yarat\u0131c\u0131 d\u00fc\u015f\u00fcnceye elveri\u015fli bir ortam sa\u011flamaya odaklan\u0131yoruz. BBS Dan\u0131\u015fmanl\u0131k ailesi olarak uzun y\u0131llar m\u00fc\u015fterilerimize kaliteli ve g\u00fcvenli hizmet vermemizin<\/p>\n","protected":false},"author":1,"featured_media":0,"parent":7314,"menu_order":0,"comment_status":"closed","ping_status":"closed","template":"","meta":{"inline_featured_image":false,"footnotes":""},"class_list":["post-7324","page","type-page","status-publish","hentry"],"yoast_head":"<!-- This site is optimized with the Yoast SEO Premium plugin v21.0 (Yoast SEO v26.9) - https:\/\/yoast.com\/product\/yoast-seo-premium-wordpress\/ -->\n<title>Kariyer - BBS Dan\u0131\u015fmanl\u0131k Gayrimenkul ve E\u011fitim | Gayrimenkul Hukuku, Tapu \u0130\u015flemleri, Kredi Teminat\u0131, \u0130potek \u0130\u015flemleri<\/title>\n<meta name=\"robots\" content=\"index, follow, max-snippet:-1, max-image-preview:large, max-video-preview:-1\" \/>\n<link rel=\"canonical\" href=\"http:\/\/bbsdanismanlik.com\/tr\/hakkimizda\/kariyer\/\" \/>\n<meta property=\"og:locale\" content=\"tr_TR\" \/>\n<meta property=\"og:type\" content=\"article\" \/>\n<meta property=\"og:title\" content=\"Kariyer\" \/>\n<meta property=\"og:description\" content=\"Kariyer BBS Dan\u0131\u015fmanl\u0131k Gayrimenkul ve E\u011fitim A.\u015e. Y\u0131llar\u0131n tecr\u00fcbesi ile sahip oldu\u011fu Bilgi\u2019yi, Ba\u015far\u0131\u2019l\u0131 olma d\u00fcrt\u00fcs\u00fcyle ya\u015fayan, \u00f6z disiplinli \u00e7al\u0131\u015fma iradesine sahip bireylerin, i\u015fine Sadakat ile yakla\u015fan insanlar\u0131 i\u015fe alma konusunda uzman\u0131z. Ekibimizi beslemeye ve i\u00e7imizde yarat\u0131c\u0131 d\u00fc\u015f\u00fcnceye elveri\u015fli bir ortam sa\u011flamaya odaklan\u0131yoruz. BBS Dan\u0131\u015fmanl\u0131k ailesi olarak uzun y\u0131llar m\u00fc\u015fterilerimize kaliteli ve g\u00fcvenli hizmet vermemizin\" \/>\n<meta property=\"og:url\" content=\"http:\/\/bbsdanismanlik.com\/tr\/hakkimizda\/kariyer\/\" \/>\n<meta property=\"og:site_name\" content=\"BBS Dan\u0131\u015fmanl\u0131k Gayrimenkul ve E\u011fitim | Gayrimenkul Hukuku, Tapu \u0130\u015flemleri, Kredi Teminat\u0131, \u0130potek \u0130\u015flemleri\" \/>\n<meta property=\"article:modified_time\" content=\"2023-10-31T14:37:03+00:00\" \/>\n<meta name=\"twitter:card\" content=\"summary_large_image\" \/>\n<meta name=\"twitter:label1\" content=\"Tahmini okuma s\u00fcresi\" \/>\n\t<meta name=\"twitter:data1\" content=\"1 dakika\" \/>\n<script type=\"application\/ld+json\" class=\"yoast-schema-graph\">{\"@context\":\"https:\/\/schema.org\",\"@graph\":[{\"@type\":\"WebPage\",\"@id\":\"http:\/\/bbsdanismanlik.com\/tr\/hakkimizda\/kariyer\/\",\"url\":\"http:\/\/bbsdanismanlik.com\/tr\/hakkimizda\/kariyer\/\",\"name\":\"Kariyer - BBS Dan\u0131\u015fmanl\u0131k Gayrimenkul ve E\u011fitim | Gayrimenkul Hukuku, Tapu \u0130\u015flemleri, Kredi Teminat\u0131, \u0130potek \u0130\u015flemleri\",\"isPartOf\":{\"@id\":\"https:\/\/bbsdanismanlik.com\/tr\/#website\"},\"datePublished\":\"2023-08-01T12:26:41+00:00\",\"dateModified\":\"2023-10-31T14:37:03+00:00\",\"breadcrumb\":{\"@id\":\"http:\/\/bbsdanismanlik.com\/tr\/hakkimizda\/kariyer\/#breadcrumb\"},\"inLanguage\":\"tr\",\"potentialAction\":[{\"@type\":\"ReadAction\",\"target\":[\"http:\/\/bbsdanismanlik.com\/tr\/hakkimizda\/kariyer\/\"]}]},{\"@type\":\"BreadcrumbList\",\"@id\":\"http:\/\/bbsdanismanlik.com\/tr\/hakkimizda\/kariyer\/#breadcrumb\",\"itemListElement\":[{\"@type\":\"ListItem\",\"position\":1,\"name\":\"Home\",\"item\":\"https:\/\/bbsdanismanlik.com\/en\/\"},{\"@type\":\"ListItem\",\"position\":2,\"name\":\"Hakk\u0131m\u0131zda\",\"item\":\"http:\/\/bbsdanismanlik.com\/tr\/hakkimizda\/\"},{\"@type\":\"ListItem\",\"position\":3,\"name\":\"Kariyer\"}]},{\"@type\":\"WebSite\",\"@id\":\"https:\/\/bbsdanismanlik.com\/tr\/#website\",\"url\":\"https:\/\/bbsdanismanlik.com\/tr\/\",\"name\":\"BBS Dan\u0131\u015fmanl\u0131k Gayrimenkul ve E\u011fitim | Gayrimenkul Hukuku, Tapu \u0130\u015flemleri, Kredi Teminat\u0131, \u0130potek \u0130\u015flemleri\",\"description\":\"18 Y\u0131ll\u0131k Tecr\u00fcbe 1500&#039;\u00fc a\u015fk\u0131n dan\u0131\u015fman 81 \u0130lde Hizmet\",\"potentialAction\":[{\"@type\":\"SearchAction\",\"target\":{\"@type\":\"EntryPoint\",\"urlTemplate\":\"https:\/\/bbsdanismanlik.com\/tr\/?s={search_term_string}\"},\"query-input\":{\"@type\":\"PropertyValueSpecification\",\"valueRequired\":true,\"valueName\":\"search_term_string\"}}],\"inLanguage\":\"tr\"}]}<\/script>\n<!-- \/ Yoast SEO Premium plugin. -->","yoast_head_json":{"title":"Kariyer - BBS Dan\u0131\u015fmanl\u0131k Gayrimenkul ve E\u011fitim | Gayrimenkul Hukuku, Tapu \u0130\u015flemleri, Kredi Teminat\u0131, \u0130potek \u0130\u015flemleri","robots":{"index":"index","follow":"follow","max-snippet":"max-snippet:-1","max-image-preview":"max-image-preview:large","max-video-preview":"max-video-preview:-1"},"canonical":"http:\/\/bbsdanismanlik.com\/tr\/hakkimizda\/kariyer\/","og_locale":"tr_TR","og_type":"article","og_title":"Kariyer","og_description":"Kariyer BBS Dan\u0131\u015fmanl\u0131k Gayrimenkul ve E\u011fitim A.\u015e. Y\u0131llar\u0131n tecr\u00fcbesi ile sahip oldu\u011fu Bilgi\u2019yi, Ba\u015far\u0131\u2019l\u0131 olma d\u00fcrt\u00fcs\u00fcyle ya\u015fayan, \u00f6z disiplinli \u00e7al\u0131\u015fma iradesine sahip bireylerin, i\u015fine Sadakat ile yakla\u015fan insanlar\u0131 i\u015fe alma konusunda uzman\u0131z. Ekibimizi beslemeye ve i\u00e7imizde yarat\u0131c\u0131 d\u00fc\u015f\u00fcnceye elveri\u015fli bir ortam sa\u011flamaya odaklan\u0131yoruz. BBS Dan\u0131\u015fmanl\u0131k ailesi olarak uzun y\u0131llar m\u00fc\u015fterilerimize kaliteli ve g\u00fcvenli hizmet vermemizin","og_url":"http:\/\/bbsdanismanlik.com\/tr\/hakkimizda\/kariyer\/","og_site_name":"BBS Dan\u0131\u015fmanl\u0131k Gayrimenkul ve E\u011fitim | Gayrimenkul Hukuku, Tapu \u0130\u015flemleri, Kredi Teminat\u0131, \u0130potek \u0130\u015flemleri","article_modified_time":"2023-10-31T14:37:03+00:00","twitter_card":"summary_large_image","twitter_misc":{"Tahmini okuma s\u00fcresi":"1 dakika"},"schema":{"@context":"https:\/\/schema.org","@graph":[{"@type":"WebPage","@id":"http:\/\/bbsdanismanlik.com\/tr\/hakkimizda\/kariyer\/","url":"http:\/\/bbsdanismanlik.com\/tr\/hakkimizda\/kariyer\/","name":"Kariyer - BBS Dan\u0131\u015fmanl\u0131k Gayrimenkul ve E\u011fitim | Gayrimenkul Hukuku, Tapu \u0130\u015flemleri, Kredi Teminat\u0131, \u0130potek \u0130\u015flemleri","isPartOf":{"@id":"https:\/\/bbsdanismanlik.com\/tr\/#website"},"datePublished":"2023-08-01T12:26:41+00:00","dateModified":"2023-10-31T14:37:03+00:00","breadcrumb":{"@id":"http:\/\/bbsdanismanlik.com\/tr\/hakkimizda\/kariyer\/#breadcrumb"},"inLanguage":"tr","potentialAction":[{"@type":"ReadAction","target":["http:\/\/bbsdanismanlik.com\/tr\/hakkimizda\/kariyer\/"]}]},{"@type":"BreadcrumbList","@id":"http:\/\/bbsdanismanlik.com\/tr\/hakkimizda\/kariyer\/#breadcrumb","itemListElement":[{"@type":"ListItem","position":1,"name":"Home","item":"https:\/\/bbsdanismanlik.com\/en\/"},{"@type":"ListItem","position":2,"name":"Hakk\u0131m\u0131zda","item":"http:\/\/bbsdanismanlik.com\/tr\/hakkimizda\/"},{"@type":"ListItem","position":3,"name":"Kariyer"}]},{"@type":"WebSite","@id":"https:\/\/bbsdanismanlik.com\/tr\/#website","url":"https:\/\/bbsdanismanlik.com\/tr\/","name":"BBS Dan\u0131\u015fmanl\u0131k Gayrimenkul ve E\u011fitim | Gayrimenkul Hukuku, Tapu \u0130\u015flemleri, Kredi Teminat\u0131, \u0130potek \u0130\u015flemleri","description":"18 Y\u0131ll\u0131k Tecr\u00fcbe 1500&#039;\u00fc a\u015fk\u0131n dan\u0131\u015fman 81 \u0130lde Hizmet","potentialAction":[{"@type":"SearchAction","target":{"@type":"EntryPoint","urlTemplate":"https:\/\/bbsdanismanlik.com\/tr\/?s={search_term_string}"},"query-input":{"@type":"PropertyValueSpecification","valueRequired":true,"valueName":"search_term_string"}}],"inLanguage":"tr"}]}},"_links":{"self":[{"href":"https:\/\/bbsdanismanlik.com\/tr\/wp-json\/wp\/v2\/pages\/7324","targetHints":{"allow":["GET"]}}],"collection":[{"href":"https:\/\/bbsdanismanlik.com\/tr\/wp-json\/wp\/v2\/pages"}],"about":[{"href":"https:\/\/bbsdanismanlik.com\/tr\/wp-json\/wp\/v2\/types\/page"}],"author":[{"embeddable":true,"href":"https:\/\/bbsdanismanlik.com\/tr\/wp-json\/wp\/v2\/users\/1"}],"replies":[{"embeddable":true,"href":"https:\/\/bbsdanismanlik.com\/tr\/wp-json\/wp\/v2\/comments?post=7324"}],"version-history":[{"count":0,"href":"https:\/\/bbsdanismanlik.com\/tr\/wp-json\/wp\/v2\/pages\/7324\/revisions"}],"up":[{"embeddable":true,"href":"https:\/\/bbsdanismanlik.com\/tr\/wp-json\/wp\/v2\/pages\/7314"}],"wp:attachment":[{"href":"https:\/\/bbsdanismanlik.com\/tr\/wp-json\/wp\/v2\/media?parent=7324"}],"curies":[{"name":"wp","href":"https:\/\/api.w.org\/{rel}","templated":true}]}}